{"id":1104,"date":"2021-07-13T17:39:30","date_gmt":"2021-07-13T15:39:30","guid":{"rendered":"https:\/\/academiapilotoeeuu.com\/politique-de-cookies\/"},"modified":"2021-07-13T17:39:30","modified_gmt":"2021-07-13T15:39:30","slug":"politique-de-cookies","status":"publish","type":"page","link":"https:\/\/academiapilotoeeuu.com\/fr\/politique-de-cookies\/","title":{"rendered":"Politique de cookies"},"content":{"rendered":"<p>[et_pb_section fb_built=\u00a0\u00bb1&Prime; _builder_version=\u00a0\u00bb4.9.4&Prime; _module_preset=\u00a0\u00bbdefault\u00a0\u00bb background_color=\u00a0\u00bb#0B0F59&Prime; custom_padding=\u00a0\u00bb3px||7px|||\u00a0\u00bb][et_pb_row _builder_version=\u00a0\u00bb4.9.4&Prime; _module_preset=\u00a0\u00bbdefault\u00a0\u00bb custom_padding=\u00a0\u00bb||11px|||\u00a0\u00bb][et_pb_column type=\u00a0\u00bb4_4&Prime; _builder_version=\u00a0\u00bb4.9.4&Prime; _module_preset=\u00a0\u00bbdefault\u00a0\u00bb][et_pb_text _builder_version=\u00a0\u00bb4.9.7&Prime; _module_preset=\u00a0\u00bbdefault\u00a0\u00bb header_text_color=\u00a0\u00bb#FFFFFF\u00a0\u00bb]<\/p>\n<h1>POLITIQUE DE COOKIES<\/h1>\n<p>[\/et_pb_text][\/et_pb_column][\/et_pb_row][\/et_pb_section][et_pb_section fb_built=\u00a0\u00bb1&Prime; _builder_version=\u00a0\u00bb4.9.4&Prime; _module_preset=\u00a0\u00bbdefault\u00a0\u00bb][et_pb_row _builder_version=\u00a0\u00bb4.9.4&Prime; _module_preset=\u00a0\u00bbdefault\u00a0\u00bb][et_pb_column type=\u00a0\u00bb4_4&Prime; _builder_version=\u00a0\u00bb4.9.4&Prime; _module_preset=\u00a0\u00bbdefault\u00a0\u00bb][et_pb_text _builder_version=\u00a0\u00bb4.9.7&Prime; _module_preset=\u00a0\u00bbdefault\u00a0\u00bb hover_enabled=\u00a0\u00bb0&Prime; sticky_enabled=\u00a0\u00bb0&Prime;]<\/p>\n<p><span><b>Que sont les cookies ?<\/b><\/span><\/p>\n<p><span>Les cookies sont des fichiers qui peuvent \u00eatre t\u00e9l\u00e9charg\u00e9s sur votre ordinateur via des pages Web. Ce sont des outils qui jouent un r\u00f4le essentiel dans la fourniture de nombreux services de la soci\u00e9t\u00e9 de l&rsquo;information. Entre autres, ils permettent \u00e0 une page Web de stocker et de r\u00e9cup\u00e9rer des informations sur les habitudes de navigation d&rsquo;un utilisateur ou de son \u00e9quipement et, en fonction des informations obtenues, ils peuvent \u00eatre utilis\u00e9s pour reconna\u00eetre l&rsquo;utilisateur et am\u00e9liorer le service offert.  <\/span><\/p>\n<p><span><b>Types de cookies<\/b><\/span><\/p>\n<p><span>Selon qui est l&rsquo;entit\u00e9 qui g\u00e8re le domaine \u00e0 partir duquel les cookies sont envoy\u00e9s et traite les donn\u00e9es obtenues, deux types peuvent \u00eatre distingu\u00e9s :<\/span><\/p>\n<ul>\n<li><span>Cookies propres : Ceux qui sont envoy\u00e9s \u00e0 l&rsquo;\u00e9quipement terminal de l&rsquo;utilisateur \u00e0 partir d&rsquo;un ordinateur ou d&rsquo;un domaine g\u00e9r\u00e9 par l&rsquo;\u00e9diteur lui-m\u00eame et \u00e0 partir duquel le service demand\u00e9 par l&rsquo;utilisateur est fourni.<\/span><\/li>\n<li><span>Cookies tiers : Ceux qui sont envoy\u00e9s \u00e0 l&rsquo;\u00e9quipement terminal de l&rsquo;utilisateur \u00e0 partir d&rsquo;un ordinateur ou d&rsquo;un domaine qui n&rsquo;est pas g\u00e9r\u00e9 par l&rsquo;\u00e9diteur, mais par une autre entit\u00e9 qui traite les donn\u00e9es obtenues gr\u00e2ce aux cookies.<\/span><\/li>\n<\/ul>\n<p><span>Dans le cas o\u00f9 des cookies sont install\u00e9s \u00e0 partir d&rsquo;un ordinateur ou d&rsquo;un domaine g\u00e9r\u00e9 par l&rsquo;\u00e9diteur lui-m\u00eame mais que les informations collect\u00e9es par leur interm\u00e9diaire sont g\u00e9r\u00e9es par un tiers, ils ne peuvent \u00eatre consid\u00e9r\u00e9s comme des cookies propres.<\/span><\/p>\n<p><span>Il existe \u00e9galement une deuxi\u00e8me classification en fonction de la dur\u00e9e pendant laquelle elles restent stock\u00e9es dans le navigateur du client, qui peut \u00eatre :<\/span><\/p>\n<ul>\n<li><span>Cookies de session : con\u00e7us pour collecter et stocker des donn\u00e9es lorsque l&rsquo;utilisateur acc\u00e8de \u00e0 une page Web. Ils sont g\u00e9n\u00e9ralement utilis\u00e9s pour stocker des informations qu&rsquo;il ne s&rsquo;int\u00e9resse qu&rsquo;\u00e0 conserver pour la fourniture du service demand\u00e9 par l&rsquo;utilisateur en une seule fois (par exemple une liste de produits achet\u00e9s).<\/span><\/li>\n<li><span>Cookies persistants : Les donn\u00e9es sont toujours stock\u00e9es dans le terminal et peuvent \u00eatre consult\u00e9es et trait\u00e9es pendant une dur\u00e9e d\u00e9finie par le responsable du cookie, qui peut aller de quelques minutes \u00e0 plusieurs ann\u00e9es.<\/span><\/li>\n<\/ul>\n<p><span>Enfin, il existe une autre classification avec six types de cookies selon la finalit\u00e9 pour laquelle les donn\u00e9es obtenues sont trait\u00e9es :<\/span><\/p>\n<ul>\n<li><span>Cookies techniques: Ceux qui permettent \u00e0 l&rsquo;utilisateur de naviguer sur une page Web, une plate-forme ou une application et l&rsquo;utilisation des diff\u00e9rentes options ou services qui y existent, tels que, par exemple, le contr\u00f4le du trafic et de la communication de donn\u00e9es, l&rsquo;identification de la session , les parties d&rsquo;acc\u00e8s d&rsquo;acc\u00e8s restreint, m\u00e9moriser les \u00e9l\u00e9ments qui composent une commande, effectuer le processus d&rsquo;achat d&rsquo;une commande, faire la demande d&rsquo;inscription ou de participation \u00e0 un \u00e9v\u00e9nement, utiliser des \u00e9l\u00e9ments de s\u00e9curit\u00e9 lors de la navigation, stocker du contenu pour la diffusion de vid\u00e9os ou de sons ou partager contenu via les r\u00e9seaux sociaux.<\/span><\/li>\n<li><span>Cookies de personnalisation : ils permettent \u00e0 l&rsquo;utilisateur d&rsquo;acc\u00e9der au service avec certaines caract\u00e9ristiques g\u00e9n\u00e9rales pr\u00e9d\u00e9finies sur la base d&rsquo;une s\u00e9rie de crit\u00e8res dans le terminal de l&rsquo;utilisateur, tels que la langue, le type de navigateur via lequel le service est accessible, la configuration r\u00e9gionale \u00e0 partir de laquelle vous acc\u00e9dez le service, etc<\/span><\/li>\n<li><span>Cookies d&rsquo;analyse : Ils permettent \u00e0 leur responsable de surveiller et d&rsquo;analyser le comportement des utilisateurs des sites Internet auxquels ils sont li\u00e9s. Les informations collect\u00e9es via ce type de cookies sont utilis\u00e9es pour mesurer l&rsquo;activit\u00e9 des sites Web, de l&rsquo;application ou de la plate-forme et pour l&rsquo;\u00e9laboration des profils de navigation des utilisateurs desdits sites, applications et plates-formes, afin d&rsquo;introduire des am\u00e9liorations en fonction de l&rsquo;analyse de les donn\u00e9es d&rsquo;utilisation faites par les utilisateurs du service.<\/span><\/li>\n<li><span>Cookies publicitaires : Ils permettent la gestion, de la mani\u00e8re la plus efficace possible, des espaces publicitaires.<\/span><\/li>\n<li><span>Cookies de publicit\u00e9 comportementale : ils stockent des informations sur le comportement des utilisateurs obtenues gr\u00e2ce \u00e0 l&rsquo;observation continue de leurs habitudes de navigation, ce qui permet le d\u00e9veloppement d&rsquo;un profil sp\u00e9cifique pour afficher de la publicit\u00e9 bas\u00e9e sur celui-ci.<\/span><\/li>\n<li><span>Cookies de r\u00e9seaux sociaux externes : Ils sont utilis\u00e9s pour que les visiteurs puissent interagir avec le contenu des diff\u00e9rentes plateformes sociales (Facebook, YouTube, Twitter, LinkedIn, etc.) et qu&rsquo;ils soient g\u00e9n\u00e9r\u00e9s uniquement pour les utilisateurs desdits r\u00e9seaux sociaux. Les conditions d&rsquo;utilisation de ces cookies et les informations collect\u00e9es sont r\u00e9gies par la politique de confidentialit\u00e9 de la plateforme sociale correspondante.<\/span><\/li>\n<\/ul>\n<p><span><b>D\u00e9sactivation et suppression des cookies<\/b><\/span><\/p>\n<p><span>Vous avez la possibilit\u00e9 d&rsquo;autoriser, de bloquer ou de supprimer les cookies install\u00e9s sur votre ordinateur en configurant les options du navigateur install\u00e9 sur votre ordinateur. En d\u00e9sactivant les cookies, certains des services disponibles peuvent cesser d&rsquo;\u00eatre op\u00e9rationnels. La fa\u00e7on de d\u00e9sactiver les cookies est diff\u00e9rente pour chaque navigateur, mais cela peut g\u00e9n\u00e9ralement \u00eatre fait \u00e0 partir du menu Outils ou Options. Vous pouvez \u00e9galement consulter le menu Aide du navigateur o\u00f9 vous pouvez trouver des instructions. L&rsquo;utilisateur peut \u00e0 tout moment choisir les cookies qu&rsquo;il souhaite utiliser sur ce site.<\/span><\/p>\n<p><span>Vous pouvez autoriser, bloquer ou supprimer les cookies install\u00e9s sur votre ordinateur en configurant les options du navigateur install\u00e9 sur votre ordinateur :<\/span><\/p>\n<ul>\n<li><span>Microsoft Internet Explorer \/ Microsoft Edge: http:\/\/windows.microsoft.com\/es-es\/windows-vista\/Block-or-allow-cookies<\/span><\/li>\n<li><span>Mozilla Firefox: http:\/\/support.mozilla.org\/es\/kb\/impedir-que-los-sitios-web-guarden-sus-preferencia<\/span><\/li>\n<li><span>Chrome: https:\/\/support.google.com\/accounts\/answer\/61416?hl=es<\/span><\/li>\n<li><span>Safari: http:\/\/safari.helpmax.net\/es\/privacidad-y-seguridad\/como-gestionar-las-cookies\/<\/span><\/li>\n<li><span>Opera: http:\/\/help.opera.com\/Linux\/10.60\/es-ES\/cookies.html<\/span><\/li>\n<\/ul>\n<p><span>En outre, vous pouvez \u00e9galement g\u00e9rer le magasin de cookies dans votre navigateur via des outils tels que les suivants :<\/span><\/p>\n<ul>\n<li><span>Ghostery: www.ghostery.com<\/span><\/li>\n<li><span>Your Online Choices: www.youronlinechoices.com\/es\/<\/span><\/li>\n<\/ul>\n<p><span>Cookies utilis\u00e9s sur https:\/\/academiapilotoeeuu.com<\/span><\/p>\n<p><span>Les cookies qui sont utilis\u00e9s dans ce portail ainsi que leur type et leur fonction sont identifi\u00e9s ci-dessous :<\/span><\/p>\n<ul>\n<li><span>_ga \/ _ga_M9DF9XGE7X<\/span>\n<ul>\n<li><span>Dur\u00e9e : 2 ans<\/span><\/li>\n<li><span>Description : Sert \u00e0 distinguer les utilisateurs. G\u00e9n\u00e9r\u00e9 par Google Analytics. du syst\u00e8me. Google n&rsquo;associe votre adresse IP \u00e0 aucune autre information dont il dispose. Si vous souhaitez obtenir plus d&rsquo;informations sur les cookies utilis\u00e9s par Google Analytics, veuillez acc\u00e9der \u00e0 cette adresse : https:\/\/developers.google.com\/analytics\/devguides\/collection\/analyticsjs\/cookie-usage?hl=es&amp;csw=1    <\/span><\/li>\n<li><span>Type : Troisi\u00e8me<\/span><\/li>\n<li><span>Objectif : Analytique<\/span><\/li>\n<\/ul>\n<\/li>\n<li><span>moove_gdpr_popup<\/span>\n<ul>\n<li><span>Dur\u00e9e : 1 JOUR<\/span><\/li>\n<li><span>Description : contr\u00f4le l&rsquo;acceptation de la politique de cookies par l&rsquo;utilisateur.<\/span><\/li>\n<li><span>Type : Troisi\u00e8me<\/span><\/li>\n<li><span>Finalit\u00e9 : consentements<\/span><\/li>\n<\/ul>\n<\/li>\n<\/ul>\n<p><a href=\"https:\/\/academiapilotoeeuu.com\/fr\/\">https:\/\/academiapilotoeeuu.com\/<\/a> affiche des informations sur votre politique en mati\u00e8re de cookies en bas ou en haut de n&rsquo;importe quelle page du portail \u00e0 chaque connexion.<\/p>\n<p><span>Au vu de ces informations, il est possible d&rsquo;effectuer les actions suivantes :<\/span><\/p>\n<ul>\n<li><span>Accepter les cookies : Cet avis ne s&rsquo;affichera plus lors de l&rsquo;acc\u00e8s \u00e0 une page du portail au cours de cette session.<\/span><\/li>\n<li><span>Modifier \/ personnaliser votre configuration : Vous pouvez obtenir plus d&rsquo;informations sur ce que sont les cookies, conna\u00eetre la Politique de cookies de : https:\/\/academiapilotoeeuu.com et modifier les param\u00e8tres de votre navigateur.<\/span><\/li>\n<\/ul>\n<p>[\/et_pb_text][\/et_pb_column][\/et_pb_row][\/et_pb_section]<\/p>\n","protected":false},"excerpt":{"rendered":"<p>POLITIQUE DE COOKIESQue sont les cookies ? Les cookies sont des fichiers qui peuvent \u00eatre t\u00e9l\u00e9charg\u00e9s sur votre ordinateur via des pages Web. Ce sont des outils qui jouent un r\u00f4le essentiel dans la fourniture de nombreux services de la soci\u00e9t\u00e9 de l&rsquo;information. Entre autres, ils permettent \u00e0 une page Web de stocker et de [&hellip;]<\/p>\n","protected":false},"author":2,"featured_media":0,"parent":0,"menu_order":0,"comment_status":"closed","ping_status":"closed","template":"","meta":{"_et_pb_use_builder":"on","_et_pb_old_content":"","_et_gb_content_width":"","_joinchat":[],"footnotes":""},"class_list":["post-1104","page","type-page","status-publish","hentry"],"_links":{"self":[{"href":"https:\/\/academiapilotoeeuu.com\/fr\/wp-json\/wp\/v2\/pages\/1104","targetHints":{"allow":["GET"]}}],"collection":[{"href":"https:\/\/academiapilotoeeuu.com\/fr\/wp-json\/wp\/v2\/pages"}],"about":[{"href":"https:\/\/academiapilotoeeuu.com\/fr\/wp-json\/wp\/v2\/types\/page"}],"author":[{"embeddable":true,"href":"https:\/\/academiapilotoeeuu.com\/fr\/wp-json\/wp\/v2\/users\/2"}],"replies":[{"embeddable":true,"href":"https:\/\/academiapilotoeeuu.com\/fr\/wp-json\/wp\/v2\/comments?post=1104"}],"version-history":[{"count":2,"href":"https:\/\/academiapilotoeeuu.com\/fr\/wp-json\/wp\/v2\/pages\/1104\/revisions"}],"predecessor-version":[{"id":1106,"href":"https:\/\/academiapilotoeeuu.com\/fr\/wp-json\/wp\/v2\/pages\/1104\/revisions\/1106"}],"wp:attachment":[{"href":"https:\/\/academiapilotoeeuu.com\/fr\/wp-json\/wp\/v2\/media?parent=1104"}],"curies":[{"name":"wp","href":"https:\/\/api.w.org\/{rel}","templated":true}]}}