{"id":641,"date":"2021-07-05T13:44:23","date_gmt":"2021-07-05T11:44:23","guid":{"rendered":"https:\/\/academiapilotoeeuu.com\/possibilite-de-travail-de-pilote-dhelicoptere\/"},"modified":"2021-08-04T20:06:25","modified_gmt":"2021-08-04T18:06:25","slug":"possibilite-de-travail-de-pilote-dhelicoptere","status":"publish","type":"page","link":"https:\/\/academiapilotoeeuu.com\/fr\/possibilite-de-travail-de-pilote-dhelicoptere\/","title":{"rendered":"Possibilit\u00e9 de Travail de pilote d&rsquo;h\u00e9licopt\u00e8re"},"content":{"rendered":"<p>[et_pb_section fb_built=\u00a0\u00bb1&Prime; _builder_version=\u00a0\u00bb4.9.4&Prime; _module_preset=\u00a0\u00bbdefault\u00a0\u00bb custom_padding=\u00a0\u00bb2px|||||\u00a0\u00bb locked=\u00a0\u00bboff\u00a0\u00bb][et_pb_row _builder_version=\u00a0\u00bb4.9.7&Prime; _module_preset=\u00a0\u00bbdefault\u00a0\u00bb background_image=\u00a0\u00bbhttps:\/\/academiapilotoeeuu.com\/wp-content\/uploads\/2021\/07\/salidas-profesionales-para-un-Piloto-de-helicopteros-1.jpg\u00a0\u00bb parallax=\u00a0\u00bbon\u00a0\u00bb parallax_method=\u00a0\u00bboff\u00a0\u00bb width=\u00a0\u00bb96%\u00a0\u00bb max_width=\u00a0\u00bb100%\u00a0\u00bb custom_padding=\u00a0\u00bb8px||106px|||\u00a0\u00bb][et_pb_column type=\u00a0\u00bb4_4&Prime; _builder_version=\u00a0\u00bb4.9.4&Prime; _module_preset=\u00a0\u00bbdefault\u00a0\u00bb][et_pb_text _builder_version=\u00a0\u00bb4.9.4&Prime; _module_preset=\u00a0\u00bbdefault\u00a0\u00bb text_font=\u00a0\u00bb|700|||||||\u00a0\u00bb text_text_color=\u00a0\u00bb#FFFFFF\u00a0\u00bb text_font_size=\u00a0\u00bb18px\u00a0\u00bb text_line_height=\u00a0\u00bb1.8em\u00a0\u00bb header_font=\u00a0\u00bb|800|||||||\u00a0\u00bb header_text_align=\u00a0\u00bbcenter\u00a0\u00bb header_text_color=\u00a0\u00bb#FFFFFF\u00a0\u00bb header_font_size=\u00a0\u00bb84px\u00a0\u00bb header_line_height=\u00a0\u00bb1.3em\u00a0\u00bb header_2_font=\u00a0\u00bb|800|||||||\u00a0\u00bb header_2_text_color=\u00a0\u00bb#FFFFFF\u00a0\u00bb width=\u00a0\u00bb100%\u00a0\u00bb custom_margin=\u00a0\u00bb||0px|||\u00a0\u00bb custom_padding=\u00a0\u00bb13.7%|5%|3.7%|5%|false|true\u00a0\u00bb custom_padding_tablet=\u00a0\u00bb32.5%||9.8%||false|true\u00a0\u00bb custom_padding_phone=\u00a0\u00bb32.6%||11.6%||false|true\u00a0\u00bb custom_padding_last_edited=\u00a0\u00bbon|desktop\u00a0\u00bb header_font_size_tablet=\u00a0\u00bb54px\u00a0\u00bb header_font_size_phone=\u00a0\u00bb30px\u00a0\u00bb header_font_size_last_edited=\u00a0\u00bbon|phone\u00a0\u00bb header_text_shadow_style=\u00a0\u00bbpreset1&Prime;]<\/p>\n<h1 style=\"text-align: center;\">D\u00c9BOUCH\u00c9S<span style=\"font-size: large;\"><\/span><\/h1>\n<p>[\/et_pb_text][\/et_pb_column][\/et_pb_row][\/et_pb_section][et_pb_section fb_built=\u00a0\u00bb1&Prime; _builder_version=\u00a0\u00bb4.9.4&Prime; _module_preset=\u00a0\u00bbdefault\u00a0\u00bb custom_padding=\u00a0\u00bb11px||21px|||\u00a0\u00bb locked=\u00a0\u00bboff\u00a0\u00bb][et_pb_row column_structure=\u00a0\u00bb1_5,1_5,1_5,1_5,1_5&Prime; use_custom_gutter=\u00a0\u00bbon\u00a0\u00bb gutter_width=\u00a0\u00bb2&Prime; make_equal=\u00a0\u00bbon\u00a0\u00bb _builder_version=\u00a0\u00bb4.9.4&Prime; _module_preset=\u00a0\u00bbdefault\u00a0\u00bb width=\u00a0\u00bb96%\u00a0\u00bb max_width=\u00a0\u00bb100%\u00a0\u00bb custom_padding=\u00a0\u00bb4px||1px|||\u00a0\u00bb][et_pb_column type=\u00a0\u00bb1_5&Prime; _builder_version=\u00a0\u00bb4.9.4&Prime; _module_preset=\u00a0\u00bbdefault\u00a0\u00bb][et_pb_image src=\u00a0\u00bbhttps:\/\/academiapilotoeeuu.com\/wp-content\/uploads\/2021\/05\/salidas-laborales-de-un-piloto-de-helicoptero.jpg\u00a0\u00bb alt=\u00a0\u00bbPossibilit\u00e9s de travail\u00a0\u00bb title_text=\u00a0\u00bbPossibilit\u00e9s de travail\u00a0\u00bb align=\u00a0\u00bbcenter\u00a0\u00bb _builder_version=\u00a0\u00bb4.9.4&Prime; _module_preset=\u00a0\u00bbdefault\u00a0\u00bb custom_margin=\u00a0\u00bb||0px|||\u00a0\u00bb transform_styles__hover_enabled=\u00a0\u00bbon|hover\u00a0\u00bb transform_scale__hover_enabled=\u00a0\u00bbon|hover\u00a0\u00bb transform_translate__hover_enabled=\u00a0\u00bbon|desktop\u00a0\u00bb transform_rotate__hover_enabled=\u00a0\u00bbon|desktop\u00a0\u00bb transform_skew__hover_enabled=\u00a0\u00bbon|desktop\u00a0\u00bb transform_origin__hover_enabled=\u00a0\u00bbon|desktop\u00a0\u00bb][\/et_pb_image][et_pb_text _builder_version=\u00a0\u00bb4.9.4&Prime; _module_preset=\u00a0\u00bbdefault\u00a0\u00bb text_font=\u00a0\u00bb||||||||\u00a0\u00bb header_3_font=\u00a0\u00bb|700|||||||\u00a0\u00bb header_3_text_align=\u00a0\u00bbcenter\u00a0\u00bb header_3_text_color=\u00a0\u00bb#FFFFFF\u00a0\u00bb header_3_font_size=\u00a0\u00bb18px\u00a0\u00bb background_color=\u00a0\u00bb#0B0F59&Prime; custom_margin=\u00a0\u00bb0px||||false|false\u00a0\u00bb custom_padding=\u00a0\u00bb3%||0%||false|false\u00a0\u00bb]<\/p>\n<h3>SAUVETAGE A\u00c9RIEN<\/h3>\n<p>[\/et_pb_text][et_pb_text _builder_version=\u00a0\u00bb4.9.4&Prime; _module_preset=\u00a0\u00bbdefault\u00a0\u00bb]<\/p>\n<p><strong>&#8211;<\/strong> <strong>&#8211;<\/strong> <strong>&#8211;<\/strong> <strong>&#8211; &#8211; &#8211; &#8211; &#8211; &#8211; &#8211;<\/strong> <strong>&#8211;<\/strong><\/p>\n<p>[\/et_pb_text][\/et_pb_column][et_pb_column type=\u00a0\u00bb1_5&Prime; _builder_version=\u00a0\u00bb4.9.4&Prime; _module_preset=\u00a0\u00bbdefault\u00a0\u00bb][et_pb_image src=\u00a0\u00bbhttps:\/\/academiapilotoeeuu.com\/wp-content\/uploads\/2021\/06\/Transporte-a-plataformas-petroliferas-como-piloto-de-Helicoptero.jpg\u00a0\u00bb alt=\u00a0\u00bbTransport de personnel aux plates-formes p\u00e9troli\u00e8res en tant que pilote d&rsquo;h\u00e9licopt\u00e8re\u00a0\u00bb title_text=\u00a0\u00bbTransport de personnel aux plates-formes p\u00e9troli\u00e8res en tant que pilote d&rsquo;h\u00e9licopt\u00e8re\u00a0\u00bb align=\u00a0\u00bbcenter\u00a0\u00bb _builder_version=\u00a0\u00bb4.9.4&Prime; _module_preset=\u00a0\u00bbdefault\u00a0\u00bb custom_margin=\u00a0\u00bb||0px|||\u00a0\u00bb transform_styles__hover_enabled=\u00a0\u00bbon|hover\u00a0\u00bb transform_scale__hover_enabled=\u00a0\u00bbon|hover\u00a0\u00bb transform_translate__hover_enabled=\u00a0\u00bbon|desktop\u00a0\u00bb transform_rotate__hover_enabled=\u00a0\u00bbon|desktop\u00a0\u00bb transform_skew__hover_enabled=\u00a0\u00bbon|desktop\u00a0\u00bb transform_origin__hover_enabled=\u00a0\u00bbon|desktop\u00a0\u00bb][\/et_pb_image][et_pb_text _builder_version=\u00a0\u00bb4.9.4&Prime; _module_preset=\u00a0\u00bbdefault\u00a0\u00bb text_font=\u00a0\u00bb||||||||\u00a0\u00bb header_3_font=\u00a0\u00bb|700|||||||\u00a0\u00bb header_3_text_align=\u00a0\u00bbcenter\u00a0\u00bb header_3_text_color=\u00a0\u00bb#FFFFFF\u00a0\u00bb header_3_font_size=\u00a0\u00bb18px\u00a0\u00bb background_color=\u00a0\u00bb#0B0F59&Prime; custom_margin=\u00a0\u00bb0px||||false|false\u00a0\u00bb custom_padding=\u00a0\u00bb3%||0%||false|false\u00a0\u00bb]<\/p>\n<h3>PLATESFORMES P\u00c9TROLI\u00c8RES<\/h3>\n<p>[\/et_pb_text][et_pb_text _builder_version=\u00a0\u00bb4.9.4&Prime; _module_preset=\u00a0\u00bbdefault\u00a0\u00bb]<\/p>\n<p><strong>&#8211; <\/strong><strong>&#8211; &#8211;<\/strong> <strong>&#8211;<\/strong> <strong>&#8211; &#8211; &#8211; &#8211; &#8211; &#8211;<\/strong> <strong>&#8211;<\/strong> <strong>&#8211;<\/strong><\/p>\n<p>[\/et_pb_text][\/et_pb_column][et_pb_column type=\u00a0\u00bb1_5&Prime; _builder_version=\u00a0\u00bb4.9.4&Prime; _module_preset=\u00a0\u00bbdefault\u00a0\u00bb][et_pb_image src=\u00a0\u00bbhttps:\/\/academiapilotoeeuu.com\/wp-content\/uploads\/2021\/05\/Piloto-de-Helicoptero-para-fotografia-aerea.jpg\u00a0\u00bb alt=\u00a0\u00bbPilote d\u00b4h\u00e9licopt\u00e9re pour Photographie et tournage. Pilot Academy \u00c9tats-Unis\u00a0\u00bb title_text=\u00a0\u00bbPilote d\u00b4h\u00e9licopt\u00e9re pour Photographie et tournage. Pilot Academy \u00c9tats-Unis\u00a0\u00bb align=\u00a0\u00bbcenter\u00a0\u00bb _builder_version=\u00a0\u00bb4.9.4&Prime; _module_preset=\u00a0\u00bbdefault\u00a0\u00bb custom_margin=\u00a0\u00bb||0px|||\u00a0\u00bb transform_styles__hover_enabled=\u00a0\u00bbon|hover\u00a0\u00bb transform_scale__hover_enabled=\u00a0\u00bbon|hover\u00a0\u00bb transform_translate__hover_enabled=\u00a0\u00bbon|desktop\u00a0\u00bb transform_rotate__hover_enabled=\u00a0\u00bbon|desktop\u00a0\u00bb transform_skew__hover_enabled=\u00a0\u00bbon|desktop\u00a0\u00bb transform_origin__hover_enabled=\u00a0\u00bbon|desktop\u00a0\u00bb][\/et_pb_image][et_pb_text _builder_version=\u00a0\u00bb4.9.4&Prime; _module_preset=\u00a0\u00bbdefault\u00a0\u00bb text_font=\u00a0\u00bb||||||||\u00a0\u00bb header_3_font=\u00a0\u00bb|700|||||||\u00a0\u00bb header_3_text_align=\u00a0\u00bbcenter\u00a0\u00bb header_3_text_color=\u00a0\u00bb#FFFFFF\u00a0\u00bb header_3_font_size=\u00a0\u00bb18px\u00a0\u00bb background_color=\u00a0\u00bb#0B0F59&Prime; custom_margin=\u00a0\u00bb0px||||false|false\u00a0\u00bb custom_padding=\u00a0\u00bb3%||0%||false|false\u00a0\u00bb]<\/p>\n<h3>PHOTOGRAPHIE A\u00c9RIENNE<\/h3>\n<p>[\/et_pb_text][et_pb_text _builder_version=\u00a0\u00bb4.9.4&Prime; _module_preset=\u00a0\u00bbdefault\u00a0\u00bb]<\/p>\n<p><strong>&#8211;<\/strong> <strong>&#8211; <\/strong><strong>&#8211;<\/strong> <strong>&#8211;<\/strong> <strong>&#8211;<\/strong> <strong>&#8211;<\/strong> <strong>&#8211;<\/strong> <strong>&#8211;<\/strong> <strong>&#8211;<\/strong><\/p>\n<p>[\/et_pb_text][\/et_pb_column][et_pb_column type=\u00a0\u00bb1_5&Prime; _builder_version=\u00a0\u00bb4.9.4&Prime; _module_preset=\u00a0\u00bbdefault\u00a0\u00bb][et_pb_image src=\u00a0\u00bbhttps:\/\/academiapilotoeeuu.com\/wp-content\/uploads\/2021\/06\/Traslados-medicalizados-en-helicoptero-Academia-Piloto-EEUU.jpg\u00a0\u00bb alt=\u00a0\u00bbTransferts m\u00e9dicalis\u00e9s en h\u00e9licopt\u00e8re\u00a0\u00bb title_text=\u00a0\u00bbTransferts m\u00e9dicalis\u00e9s en h\u00e9licopt\u00e8re\u00a0\u00bb align=\u00a0\u00bbcenter\u00a0\u00bb _builder_version=\u00a0\u00bb4.9.4&Prime; _module_preset=\u00a0\u00bbdefault\u00a0\u00bb custom_margin=\u00a0\u00bb||0px|||\u00a0\u00bb transform_styles__hover_enabled=\u00a0\u00bbon|hover\u00a0\u00bb transform_scale__hover_enabled=\u00a0\u00bbon|hover\u00a0\u00bb transform_translate__hover_enabled=\u00a0\u00bbon|desktop\u00a0\u00bb transform_rotate__hover_enabled=\u00a0\u00bbon|desktop\u00a0\u00bb transform_skew__hover_enabled=\u00a0\u00bbon|desktop\u00a0\u00bb transform_origin__hover_enabled=\u00a0\u00bbon|desktop\u00a0\u00bb][\/et_pb_image][et_pb_text _builder_version=\u00a0\u00bb4.9.4&Prime; _module_preset=\u00a0\u00bbdefault\u00a0\u00bb text_font=\u00a0\u00bb||||||||\u00a0\u00bb header_3_font=\u00a0\u00bb|700|||||||\u00a0\u00bb header_3_text_align=\u00a0\u00bbcenter\u00a0\u00bb header_3_text_color=\u00a0\u00bb#FFFFFF\u00a0\u00bb header_3_font_size=\u00a0\u00bb18px\u00a0\u00bb background_color=\u00a0\u00bb#0B0F59&Prime; custom_margin=\u00a0\u00bb0px||||false|false\u00a0\u00bb custom_padding=\u00a0\u00bb3%||0%||false|false\u00a0\u00bb]<\/p>\n<h3>TRANSFERTS MEDICALIS\u00c9S<\/h3>\n<p>[\/et_pb_text][et_pb_text _builder_version=\u00a0\u00bb4.9.4&Prime; _module_preset=\u00a0\u00bbdefault\u00a0\u00bb]<\/p>\n<p><strong>&#8211;<\/strong> <strong>&#8211;<\/strong> <strong>&#8211;<\/strong> <strong>&#8211; <\/strong><strong>&#8211;<\/strong> <strong>&#8211;<\/strong> <strong>&#8211; <\/strong><strong>&#8211;<\/strong> <strong>&#8211; &#8211; &#8211; <\/strong><\/p>\n<p>[\/et_pb_text][\/et_pb_column][et_pb_column type=\u00a0\u00bb1_5&Prime; _builder_version=\u00a0\u00bb4.9.4&Prime; _module_preset=\u00a0\u00bbdefault\u00a0\u00bb][et_pb_image src=\u00a0\u00bbhttps:\/\/academiapilotoeeuu.com\/wp-content\/uploads\/2021\/05\/Piloto-de-helicoptero-para-heli-esqui-Academia-Piloto-EEUU.jpg\u00a0\u00bb alt=\u00a0\u00bbPilote d\u00b4h\u00e9licopt\u00e9re pour heli ski. Pilot Academy \u00c9tats-Unis\u00a0\u00bb title_text=\u00a0\u00bbPilote d\u00b4h\u00e9licopt\u00e9re pour heli ski. Pilot Academy \u00c9tats-Unis\u00a0\u00bb align=\u00a0\u00bbcenter\u00a0\u00bb _builder_version=\u00a0\u00bb4.9.4&Prime; _module_preset=\u00a0\u00bbdefault\u00a0\u00bb custom_margin=\u00a0\u00bb||0px|||\u00a0\u00bb transform_styles__hover_enabled=\u00a0\u00bbon|hover\u00a0\u00bb transform_scale__hover_enabled=\u00a0\u00bbon|hover\u00a0\u00bb transform_translate__hover_enabled=\u00a0\u00bbon|desktop\u00a0\u00bb transform_rotate__hover_enabled=\u00a0\u00bbon|desktop\u00a0\u00bb transform_skew__hover_enabled=\u00a0\u00bbon|desktop\u00a0\u00bb transform_origin__hover_enabled=\u00a0\u00bbon|desktop\u00a0\u00bb transform_scale__hover=\u00a0\u00bb103%|103%\u00a0\u00bb][\/et_pb_image][et_pb_text _builder_version=\u00a0\u00bb4.9.4&Prime; _module_preset=\u00a0\u00bbdefault\u00a0\u00bb text_font=\u00a0\u00bb||||||||\u00a0\u00bb header_3_font=\u00a0\u00bb|700|||||||\u00a0\u00bb header_3_text_align=\u00a0\u00bbcenter\u00a0\u00bb header_3_text_color=\u00a0\u00bb#FFFFFF\u00a0\u00bb header_3_font_size=\u00a0\u00bb18px\u00a0\u00bb background_color=\u00a0\u00bb#0B0F59&Prime; custom_margin=\u00a0\u00bb0px||||false|false\u00a0\u00bb custom_padding=\u00a0\u00bb3%||0%||false|false\u00a0\u00bb]<\/p>\n<h3>HELI SKI<\/h3>\n<p>[\/et_pb_text][et_pb_text _builder_version=\u00a0\u00bb4.9.4&Prime; _module_preset=\u00a0\u00bbdefault\u00a0\u00bb]<\/p>\n<p><strong>&#8211;<\/strong> <strong>&#8211;<\/strong> <strong>&#8211;<\/strong> <strong>&#8211;<\/strong> <strong>&#8211; <\/strong><strong>&#8211; &#8211; <\/strong><strong>&#8211; &#8211; &#8211;<\/strong><\/p>\n<p>[\/et_pb_text][\/et_pb_column][\/et_pb_row][\/et_pb_section][et_pb_section fb_built=\u00a0\u00bb1&Prime; _builder_version=\u00a0\u00bb4.9.4&Prime; _module_preset=\u00a0\u00bbdefault\u00a0\u00bb custom_padding=\u00a0\u00bb11px||21px|||\u00a0\u00bb locked=\u00a0\u00bboff\u00a0\u00bb][et_pb_row column_structure=\u00a0\u00bb1_5,1_5,1_5,1_5,1_5&Prime; use_custom_gutter=\u00a0\u00bbon\u00a0\u00bb gutter_width=\u00a0\u00bb2&Prime; make_equal=\u00a0\u00bbon\u00a0\u00bb _builder_version=\u00a0\u00bb4.9.4&Prime; _module_preset=\u00a0\u00bbdefault\u00a0\u00bb width=\u00a0\u00bb96%\u00a0\u00bb max_width=\u00a0\u00bb100%\u00a0\u00bb custom_padding=\u00a0\u00bb4px|||||\u00a0\u00bb][et_pb_column type=\u00a0\u00bb1_5&Prime; _builder_version=\u00a0\u00bb4.9.4&Prime; _module_preset=\u00a0\u00bbdefault\u00a0\u00bb][et_pb_image src=\u00a0\u00bbhttps:\/\/academiapilotoeeuu.com\/wp-content\/uploads\/2021\/06\/piloto-de-helicoptero-para-localizar-bancos-de-atun-Academia-Piloto-EEUU.jpg\u00a0\u00bb alt=\u00a0\u00bbPilote d\u00b4h\u00e9licopt\u00e9re pour Localisation de bancs de thon\u00a0\u00bb title_text=\u00a0\u00bbPilote d\u00b4h\u00e9licopt\u00e9re pour Localisation de bancs de thon\u00a0\u00bb align=\u00a0\u00bbcenter\u00a0\u00bb _builder_version=\u00a0\u00bb4.9.4&Prime; _module_preset=\u00a0\u00bbdefault\u00a0\u00bb custom_margin=\u00a0\u00bb||0px|||\u00a0\u00bb transform_styles__hover_enabled=\u00a0\u00bbon|hover\u00a0\u00bb transform_scale__hover_enabled=\u00a0\u00bbon|hover\u00a0\u00bb transform_translate__hover_enabled=\u00a0\u00bbon|desktop\u00a0\u00bb transform_rotate__hover_enabled=\u00a0\u00bbon|desktop\u00a0\u00bb transform_skew__hover_enabled=\u00a0\u00bbon|desktop\u00a0\u00bb transform_origin__hover_enabled=\u00a0\u00bbon|desktop\u00a0\u00bb][\/et_pb_image][et_pb_text _builder_version=\u00a0\u00bb4.9.4&Prime; _module_preset=\u00a0\u00bbdefault\u00a0\u00bb text_font=\u00a0\u00bb||||||||\u00a0\u00bb header_3_font=\u00a0\u00bb|700|||||||\u00a0\u00bb header_3_text_align=\u00a0\u00bbcenter\u00a0\u00bb header_3_text_color=\u00a0\u00bb#FFFFFF\u00a0\u00bb header_3_font_size=\u00a0\u00bb18px\u00a0\u00bb background_color=\u00a0\u00bb#0B0F59&Prime; custom_margin=\u00a0\u00bb0px||||false|false\u00a0\u00bb custom_padding=\u00a0\u00bb3%||0%||false|false\u00a0\u00bb]<\/p>\n<h3>LOCALISATION BANCS THON<\/h3>\n<p>[\/et_pb_text][et_pb_text _builder_version=\u00a0\u00bb4.9.4&Prime; _module_preset=\u00a0\u00bbdefault\u00a0\u00bb]<\/p>\n<p><strong>&#8211; &#8211; <\/strong><strong>&#8211;<\/strong> <strong>&#8211; &#8211; &#8211;<\/strong> <strong>&#8211; &#8211; &#8211; &#8211; &#8211; <\/strong> <\/p>\n<p>[\/et_pb_text][\/et_pb_column][et_pb_column type=\u00a0\u00bb1_5&Prime; _builder_version=\u00a0\u00bb4.9.4&Prime; _module_preset=\u00a0\u00bbdefault\u00a0\u00bb][et_pb_image src=\u00a0\u00bbhttps:\/\/academiapilotoeeuu.com\/wp-content\/uploads\/2021\/06\/Piloto-de-helicopteros-para-traslados-VIP-Academia-Piloto-EEUU.jpg\u00a0\u00bb alt=\u00a0\u00bbPilote d\u00b4h\u00e9licopt\u00e9re pour vols VIP\u00a0\u00bb title_text=\u00a0\u00bbPilote d\u00b4h\u00e9licopt\u00e9re pour vols VIP\u00a0\u00bb align=\u00a0\u00bbcenter\u00a0\u00bb _builder_version=\u00a0\u00bb4.9.4&Prime; _module_preset=\u00a0\u00bbdefault\u00a0\u00bb custom_margin=\u00a0\u00bb||0px|||\u00a0\u00bb transform_styles__hover_enabled=\u00a0\u00bbon|hover\u00a0\u00bb transform_scale__hover_enabled=\u00a0\u00bbon|hover\u00a0\u00bb transform_translate__hover_enabled=\u00a0\u00bbon|desktop\u00a0\u00bb transform_rotate__hover_enabled=\u00a0\u00bbon|desktop\u00a0\u00bb transform_skew__hover_enabled=\u00a0\u00bbon|desktop\u00a0\u00bb transform_origin__hover_enabled=\u00a0\u00bbon|desktop\u00a0\u00bb][\/et_pb_image][et_pb_text _builder_version=\u00a0\u00bb4.9.4&Prime; _module_preset=\u00a0\u00bbdefault\u00a0\u00bb text_font=\u00a0\u00bb||||||||\u00a0\u00bb header_3_font=\u00a0\u00bb|700|||||||\u00a0\u00bb header_3_text_align=\u00a0\u00bbcenter\u00a0\u00bb header_3_text_color=\u00a0\u00bb#FFFFFF\u00a0\u00bb header_3_font_size=\u00a0\u00bb18px\u00a0\u00bb background_color=\u00a0\u00bb#0B0F59&Prime; custom_margin=\u00a0\u00bb0px||||false|false\u00a0\u00bb custom_padding=\u00a0\u00bb3%||0%||false|false\u00a0\u00bb]<\/p>\n<h3>TRANSFERTS EN YACHTS<\/h3>\n<p>[\/et_pb_text][et_pb_text _builder_version=\u00a0\u00bb4.9.4&Prime; _module_preset=\u00a0\u00bbdefault\u00a0\u00bb]<\/p>\n<p><strong>&#8211;<\/strong> <strong>&#8211;<\/strong> <strong>&#8211;<\/strong> <strong>&#8211; <\/strong><strong>&#8211;<\/strong> <strong>&#8211;<\/strong> <strong>&#8211;<\/strong> <strong>&#8211;<\/strong> <strong>&#8211; <\/strong><strong>&#8211; &#8211;<\/strong><\/p>\n<p>[\/et_pb_text][\/et_pb_column][et_pb_column type=\u00a0\u00bb1_5&Prime; _builder_version=\u00a0\u00bb4.9.4&Prime; _module_preset=\u00a0\u00bbdefault\u00a0\u00bb][et_pb_image src=\u00a0\u00bbhttps:\/\/academiapilotoeeuu.com\/wp-content\/uploads\/2021\/06\/trabajar-como-piloto-de-helicoptero-en-el-traslado-de-VIPS-Academia-Piloto-EEUU.jpg\u00a0\u00bb alt=\u00a0\u00bbPilote d\u00b4h\u00e9licopt\u00e9re pour vols VIP\u00a0\u00bb title_text=\u00a0\u00bbPilote d\u00b4h\u00e9licopt\u00e9re pour vols VIP\u00a0\u00bb align=\u00a0\u00bbcenter\u00a0\u00bb _builder_version=\u00a0\u00bb4.9.4&Prime; _module_preset=\u00a0\u00bbdefault\u00a0\u00bb custom_margin=\u00a0\u00bb||0px|||\u00a0\u00bb transform_styles__hover_enabled=\u00a0\u00bbon|hover\u00a0\u00bb transform_scale__hover_enabled=\u00a0\u00bbon|hover\u00a0\u00bb transform_translate__hover_enabled=\u00a0\u00bbon|desktop\u00a0\u00bb transform_rotate__hover_enabled=\u00a0\u00bbon|desktop\u00a0\u00bb transform_skew__hover_enabled=\u00a0\u00bbon|desktop\u00a0\u00bb transform_origin__hover_enabled=\u00a0\u00bbon|desktop\u00a0\u00bb][\/et_pb_image][et_pb_text _builder_version=\u00a0\u00bb4.9.4&Prime; _module_preset=\u00a0\u00bbdefault\u00a0\u00bb text_font=\u00a0\u00bb||||||||\u00a0\u00bb header_3_font=\u00a0\u00bb|700|||||||\u00a0\u00bb header_3_text_align=\u00a0\u00bbcenter\u00a0\u00bb header_3_text_color=\u00a0\u00bb#FFFFFF\u00a0\u00bb header_3_font_size=\u00a0\u00bb18px\u00a0\u00bb background_color=\u00a0\u00bb#0B0F59&Prime; custom_margin=\u00a0\u00bb0px||||false|false\u00a0\u00bb custom_padding=\u00a0\u00bb3%||0%||false|false\u00a0\u00bb]<\/p>\n<h3>VOLS VIP<\/h3>\n<p>[\/et_pb_text][et_pb_text _builder_version=\u00a0\u00bb4.9.4&Prime; _module_preset=\u00a0\u00bbdefault\u00a0\u00bb]<\/p>\n<p><strong>&#8211;<\/strong> <strong>&#8211;<\/strong> <strong>&#8211;<\/strong> <strong>&#8211;<\/strong> <strong>&#8211;<\/strong> <strong>&#8211; <\/strong><strong>&#8211;<\/strong> <strong>&#8211;<\/strong> <strong>&#8211;<\/strong> <strong>&#8211;<\/strong> <strong>&#8211;<\/strong><\/p>\n<p>[\/et_pb_text][\/et_pb_column][et_pb_column type=\u00a0\u00bb1_5&Prime; _builder_version=\u00a0\u00bb4.9.4&Prime; _module_preset=\u00a0\u00bbdefault\u00a0\u00bb][et_pb_image src=\u00a0\u00bbhttps:\/\/academiapilotoeeuu.com\/wp-content\/uploads\/2021\/05\/Mantenimiento-de-lineas-aereas-trabajo-de-piloto-de-helicopteros.jpg\u00a0\u00bb alt=\u00a0\u00bbEntretien des r\u00e9seaux \u00e9lectriques Pilot Academy \u00c9tats-Unis\u00a0\u00bb title_text=\u00a0\u00bbEntretien des r\u00e9seaux \u00e9lectriques Pilot Academy \u00c9tats-Unis\u00a0\u00bb align=\u00a0\u00bbcenter\u00a0\u00bb _builder_version=\u00a0\u00bb4.9.4&Prime; _module_preset=\u00a0\u00bbdefault\u00a0\u00bb custom_margin=\u00a0\u00bb||0px|||\u00a0\u00bb transform_styles__hover_enabled=\u00a0\u00bbon|hover\u00a0\u00bb transform_scale__hover_enabled=\u00a0\u00bbon|hover\u00a0\u00bb transform_translate__hover_enabled=\u00a0\u00bbon|desktop\u00a0\u00bb transform_rotate__hover_enabled=\u00a0\u00bbon|desktop\u00a0\u00bb transform_skew__hover_enabled=\u00a0\u00bbon|desktop\u00a0\u00bb transform_origin__hover_enabled=\u00a0\u00bbon|desktop\u00a0\u00bb][\/et_pb_image][et_pb_text _builder_version=\u00a0\u00bb4.9.4&Prime; _module_preset=\u00a0\u00bbdefault\u00a0\u00bb text_font=\u00a0\u00bb||||||||\u00a0\u00bb header_3_font=\u00a0\u00bb|700|||||||\u00a0\u00bb header_3_text_align=\u00a0\u00bbcenter\u00a0\u00bb header_3_text_color=\u00a0\u00bb#FFFFFF\u00a0\u00bb header_3_font_size=\u00a0\u00bb18px\u00a0\u00bb background_color=\u00a0\u00bb#0B0F59&Prime; custom_margin=\u00a0\u00bb0px||||false|false\u00a0\u00bb custom_padding=\u00a0\u00bb3%||0%||false|false\u00a0\u00bb]<\/p>\n<h3>R\u00c9SEAUX \u00c9LECTRIQUES<\/h3>\n<p>[\/et_pb_text][et_pb_text _builder_version=\u00a0\u00bb4.9.4&Prime; _module_preset=\u00a0\u00bbdefault\u00a0\u00bb]<\/p>\n<p><strong>&#8211;<\/strong> <strong>&#8211;<\/strong> <strong>&#8211;<\/strong> <strong>&#8211;<\/strong> <strong>&#8211;<\/strong> <strong>&#8211;<\/strong> <strong>&#8211;<\/strong> <strong>&#8211;<\/strong> <strong>&#8211; &#8211; &#8211;<\/strong><\/p>\n<p>[\/et_pb_text][\/et_pb_column][et_pb_column type=\u00a0\u00bb1_5&Prime; _builder_version=\u00a0\u00bb4.9.4&Prime; _module_preset=\u00a0\u00bbdefault\u00a0\u00bb][et_pb_image src=\u00a0\u00bbhttps:\/\/academiapilotoeeuu.com\/wp-content\/uploads\/2021\/06\/Tabajar-en-la-lucha-contra-incendios-como-piloto-de-helicoptero.jpg\u00a0\u00bb alt=\u00a0\u00bbLutte et pr\u00e9vention des incendies\u00a0\u00bb title_text=\u00a0\u00bbLutte et pr\u00e9vention des incendies\u00a0\u00bb align=\u00a0\u00bbcenter\u00a0\u00bb _builder_version=\u00a0\u00bb4.9.4&Prime; _module_preset=\u00a0\u00bbdefault\u00a0\u00bb custom_margin=\u00a0\u00bb||0px|||\u00a0\u00bb transform_styles__hover_enabled=\u00a0\u00bbon|hover\u00a0\u00bb transform_scale__hover_enabled=\u00a0\u00bbon|hover\u00a0\u00bb transform_translate__hover_enabled=\u00a0\u00bbon|desktop\u00a0\u00bb transform_rotate__hover_enabled=\u00a0\u00bbon|desktop\u00a0\u00bb transform_skew__hover_enabled=\u00a0\u00bbon|desktop\u00a0\u00bb transform_origin__hover_enabled=\u00a0\u00bbon|desktop\u00a0\u00bb][\/et_pb_image][et_pb_text _builder_version=\u00a0\u00bb4.9.4&Prime; _module_preset=\u00a0\u00bbdefault\u00a0\u00bb text_font=\u00a0\u00bb||||||||\u00a0\u00bb header_3_font=\u00a0\u00bb|700|||||||\u00a0\u00bb header_3_text_align=\u00a0\u00bbcenter\u00a0\u00bb header_3_text_color=\u00a0\u00bb#FFFFFF\u00a0\u00bb header_3_font_size=\u00a0\u00bb18px\u00a0\u00bb background_color=\u00a0\u00bb#0B0F59&Prime; custom_margin=\u00a0\u00bb0px||||false|false\u00a0\u00bb custom_padding=\u00a0\u00bb3%||0%||false|false\u00a0\u00bb]<\/p>\n<h3>LUTTE CONTRE LES INCENDIES<\/h3>\n<p>[\/et_pb_text][et_pb_text _builder_version=\u00a0\u00bb4.9.4&Prime; _module_preset=\u00a0\u00bbdefault\u00a0\u00bb]<\/p>\n<p><strong>&#8211;<\/strong> <strong>&#8211; <\/strong><strong>&#8211;<\/strong> <strong>&#8211;<\/strong> <strong>&#8211; <\/strong><strong>&#8211; <\/strong><strong>&#8211; &#8211; &#8211; &#8211; &#8211;<\/strong><\/p>\n<p>[\/et_pb_text][\/et_pb_column][\/et_pb_row][\/et_pb_section]<\/p>\n","protected":false},"excerpt":{"rendered":"<p>D\u00c9BOUCH\u00c9SSAUVETAGE A\u00c9RIEN- &#8211; &#8211; &#8211; &#8211; &#8211; &#8211; &#8211; &#8211; &#8211; -PLATESFORMES P\u00c9TROLI\u00c8RES- &#8211; &#8211; &#8211; &#8211; &#8211; &#8211; &#8211; &#8211; &#8211; &#8211; -PHOTOGRAPHIE A\u00c9RIENNE- &#8211; &#8211; &#8211; &#8211; &#8211; &#8211; &#8211; -TRANSFERTS MEDICALIS\u00c9S- &#8211; &#8211; &#8211; &#8211; &#8211; &#8211; &#8211; &#8211; &#8211; &#8211; HELI SKI- &#8211; &#8211; &#8211; &#8211; &#8211; &#8211; &#8211; &#8211; -LOCALISATION [&hellip;]<\/p>\n","protected":false},"author":2,"featured_media":0,"parent":0,"menu_order":0,"comment_status":"closed","ping_status":"closed","template":"","meta":{"_et_pb_use_builder":"on","_et_pb_old_content":"","_et_gb_content_width":"","_joinchat":[],"footnotes":""},"class_list":["post-641","page","type-page","status-publish","hentry"],"_links":{"self":[{"href":"https:\/\/academiapilotoeeuu.com\/fr\/wp-json\/wp\/v2\/pages\/641","targetHints":{"allow":["GET"]}}],"collection":[{"href":"https:\/\/academiapilotoeeuu.com\/fr\/wp-json\/wp\/v2\/pages"}],"about":[{"href":"https:\/\/academiapilotoeeuu.com\/fr\/wp-json\/wp\/v2\/types\/page"}],"author":[{"embeddable":true,"href":"https:\/\/academiapilotoeeuu.com\/fr\/wp-json\/wp\/v2\/users\/2"}],"replies":[{"embeddable":true,"href":"https:\/\/academiapilotoeeuu.com\/fr\/wp-json\/wp\/v2\/comments?post=641"}],"version-history":[{"count":33,"href":"https:\/\/academiapilotoeeuu.com\/fr\/wp-json\/wp\/v2\/pages\/641\/revisions"}],"predecessor-version":[{"id":1565,"href":"https:\/\/academiapilotoeeuu.com\/fr\/wp-json\/wp\/v2\/pages\/641\/revisions\/1565"}],"wp:attachment":[{"href":"https:\/\/academiapilotoeeuu.com\/fr\/wp-json\/wp\/v2\/media?parent=641"}],"curies":[{"name":"wp","href":"https:\/\/api.w.org\/{rel}","templated":true}]}}