{"id":1107,"date":"2021-07-13T17:50:09","date_gmt":"2021-07-13T15:50:09","guid":{"rendered":"https:\/\/academiapilotoeeuu.com\/politica-dei-cookie\/"},"modified":"2021-07-13T17:50:13","modified_gmt":"2021-07-13T15:50:13","slug":"politica-dei-cookie","status":"publish","type":"page","link":"https:\/\/academiapilotoeeuu.com\/it\/politica-dei-cookie\/","title":{"rendered":"Politica dei cookie"},"content":{"rendered":"<p>[et_pb_section fb_built=&#8221;1&#8243; _builder_version=&#8221;4.9.4&#8243; _module_preset=&#8221;default&#8221; background_color=&#8221;#0B0F59&#8243; custom_padding=&#8221;3px||7px|||&#8221;][et_pb_row _builder_version=&#8221;4.9.4&#8243; _module_preset=&#8221;default&#8221; custom_padding=&#8221;||11px|||&#8221;][et_pb_column type=&#8221;4_4&#8243; _builder_version=&#8221;4.9.4&#8243; _module_preset=&#8221;default&#8221;][et_pb_text _builder_version=&#8221;4.9.7&#8243; _module_preset=&#8221;default&#8221; header_text_color=&#8221;#FFFFFF&#8221;]<\/p>\n<h1>POLITICA DEI COOKIE<\/h1>\n<p>[\/et_pb_text][\/et_pb_column][\/et_pb_row][\/et_pb_section][et_pb_section fb_built=&#8221;1&#8243; _builder_version=&#8221;4.9.4&#8243; _module_preset=&#8221;default&#8221;][et_pb_row _builder_version=&#8221;4.9.4&#8243; _module_preset=&#8221;default&#8221;][et_pb_column type=&#8221;4_4&#8243; _builder_version=&#8221;4.9.4&#8243; _module_preset=&#8221;default&#8221;][et_pb_text _builder_version=&#8221;4.9.7&#8243; _module_preset=&#8221;default&#8221; hover_enabled=&#8221;0&#8243; sticky_enabled=&#8221;0&#8243;]<\/p>\n<p><span><b>Cosa sono i cookie?<\/b><\/span><\/p>\n<p><span>I cookie sono file che possono essere scaricati sul tuo computer tramite le pagine web. Sono strumenti che svolgono un ruolo essenziale nella fornitura di numerosi servizi della societ\u00e0 dell&#8217;informazione. Tra l&#8217;altro, consentono a una pagina Web di archiviare e recuperare informazioni sulle abitudini di navigazione di un utente o delle sue apparecchiature e, a seconda delle informazioni ottenute, possono essere utilizzate per riconoscere l&#8217;utente e migliorare il servizio offerto.  <\/span><\/p>\n<p><span><b>Tipi di cookie<\/b><\/span><\/p>\n<p><span>A seconda di chi \u00e8 il soggetto che gestisce il dominio da cui vengono inviati i cookie e tratta i dati ottenuti, si possono distinguere due tipologie:<\/span><\/p>\n<ul>\n<li><span>Cookie propri: quelli che vengono inviati all&#8217;apparecchiatura terminale dell&#8217;utente da un computer o dominio gestito dall&#8217;editore stesso e dal quale viene fornito il servizio richiesto dall&#8217;utente.<\/span><\/li>\n<li><span>Cookie di terze parti: quelli che vengono inviati all&#8217;apparecchiatura terminale dell&#8217;utente da un computer o dominio non gestito dall&#8217;editore, ma da un altro soggetto che elabora i dati ottenuti tramite i cookie.<\/span><\/li>\n<\/ul>\n<p><span>Nel caso in cui i cookie siano installati da un computer o dominio gestito dall&#8217;editore stesso ma le informazioni raccolte tramite essi siano gestite da una terza parte, non possono essere considerati cookie propri.<\/span><\/p>\n<p><span>Esiste anche una seconda classificazione in base al periodo di tempo in cui rimangono memorizzati nel browser del cliente, che pu\u00f2 essere:<\/span><\/p>\n<ul>\n<li><span>Cookies de sesi\u00f3n: Dise\u00f1adas para recabar y almacenar datos mientras el usuario accede a una p\u00e1gina web. Solitamente sono utilizzati per memorizzare informazioni che interessa solo conservare per l&#8217;erogazione del servizio richiesto dall&#8217;utente in una sola occasione (es. elenco dei prodotti acquistati).<\/span><\/li>\n<li><span>Cookie persistenti: i dati sono ancora memorizzati nel terminale e possono essere consultati ed elaborati per un periodo definito dal responsabile del cookie, che pu\u00f2 variare da pochi minuti a diversi anni.<\/span><\/li>\n<\/ul>\n<p><span>Esiste infine un&#8217;altra classificazione con sei tipologie di cookie a seconda della finalit\u00e0 per la quale vengono trattati i dati ottenuti:<\/span><\/p>\n<ul>\n<li><span>Cookie tecnici: quelli che consentono all&#8217;utente la navigazione in una pagina web, piattaforma o applicazione e l&#8217;utilizzo delle diverse opzioni o servizi in essa esistenti, come, ad esempio, il controllo del traffico e la comunicazione dei dati, l&#8217;identificazione della sessione, le parti di accesso di accesso riservato, ricordare gli elementi che compongono un ordine, eseguire il processo di acquisto di un ordine, effettuare la richiesta di registrazione o partecipazione ad un evento, utilizzare elementi di sicurezza durante la navigazione, archiviare contenuti per la diffusione di video o suoni o condividere contenuti attraverso i social network.<\/span><\/li>\n<li><span>Cookie di personalizzazione: Consentono all&#8217;utente di accedere al servizio con alcune caratteristiche generali predefinite in base ad una serie di criteri presenti nel terminale dell&#8217;utente, quali la lingua, il tipo di browser attraverso il quale si accede al servizio, la configurazione regionale da cui si accede il servizio, ecc.<\/span><\/li>\n<li><span>Cookie di analisi: consentono alla persona responsabile di monitorare e analizzare il comportamento degli utenti dei siti Web a cui sono collegati. Le informazioni raccolte tramite questo tipo di cookie sono utilizzate per misurare l&#8217;attivit\u00e0 dei siti web, applicazioni o piattaforme e per l&#8217;elaborazione di profili di navigazione degli utenti di detti siti, applicazioni e piattaforme, al fine di introdurre miglioramenti in funzione dell&#8217;analisi di i dati di utilizzo effettuati dagli utenti del servizio.<\/span><\/li>\n<li><span>Cookie pubblicitari: Consentono la gestione, nel modo pi\u00f9 efficiente possibile, degli spazi pubblicitari.<\/span><\/li>\n<li><span>Cookie di pubblicit\u00e0 comportamentale: Memorizzano informazioni sul comportamento degli utenti ottenute attraverso l&#8217;osservazione continua delle loro abitudini di navigazione, che consente lo sviluppo di un profilo specifico per visualizzare pubblicit\u00e0 basata su di esso.<\/span><\/li>\n<li><span>Cookie di social network esterni: vengono utilizzati affinch\u00e9 i visitatori possano interagire con i contenuti di diverse piattaforme social (Facebook, YouTube, Twitter, LinkedIn, ecc.) e vengono generati solo per gli utenti di detti social network. Le condizioni di utilizzo di questi cookie e le informazioni raccolte sono regolate dalla privacy policy della corrispondente piattaforma social.<\/span><\/li>\n<\/ul>\n<p><span><b>Disattivazione ed eliminazione dei cookie<\/b><\/span><\/p>\n<p><span>Hai la possibilit\u00e0 di consentire, bloccare o eliminare i cookie installati sul tuo computer configurando le opzioni del browser installato sul tuo computer. Disattivando i cookie alcuni dei servizi disponibili potrebbero cessare di essere operativi. Il modo per disabilitare i cookie \u00e8 diverso per ogni browser, ma di solito pu\u00f2 essere fatto dal menu Strumenti o Opzioni. Puoi anche consultare il menu Aiuto del browser dove puoi trovare le istruzioni. L&#8217;utente pu\u00f2 in qualsiasi momento scegliere quali cookie desidera utilizzare su questo sito web. <\/span><\/p>\n<p><span>Puoi consentire, bloccare o eliminare i cookie installati sul tuo computer configurando le opzioni del browser installato sul tuo computer:<\/span><\/p>\n<ul>\n<li><span>Microsoft Internet Explorer &#8211; Microsoft Edge: http:\/\/windows.microsoft.com\/es-es\/windows-vista\/Block-or-allow-cookies<\/span><\/li>\n<li><span>Mozilla Firefox: http:\/\/support.mozilla.org\/es\/kb\/impedir-que-los-sitios-web-guarden-sus-preferencia<\/span><\/li>\n<li><span>Chrome: https:\/\/support.google.com\/accounts\/answer\/61416?hl=es<\/span><\/li>\n<li><span>Safari: http:\/\/safari.helpmax.net\/es\/privacidad-y-seguridad\/como-gestionar-las-cookies\/<\/span><\/li>\n<li><span>Opera: http:\/\/help.opera.com\/Linux\/10.60\/es-ES\/cookies.html<\/span><\/li>\n<\/ul>\n<p><span>Inoltre, puoi anche gestire la memorizzazione dei cookie nel tuo browser attraverso strumenti come i seguenti:<\/span><\/p>\n<ul>\n<li><span>Ghostery: www.ghostery.com<\/span><\/li>\n<li><span>Your Online Choices: www.youronlinechoices.com\/es\/<\/span><\/li>\n<\/ul>\n<p><span>Cookie utilizzati su https:\/\/academiapilotoeeuu.com<\/span><\/p>\n<p><span>Di seguito sono identificati i cookie che vengono utilizzati in questo portale nonch\u00e9 la loro tipologia e funzione:<\/span><\/p>\n<ul>\n<li><span>_ga \/ _ga_M9DF9XGE7X<\/span>\n<ul>\n<li><span>Durata: 2 anni<\/span><\/li>\n<li><span>Descrizione: Serve a distinguere gli utenti. Generato da Google Analytics. Google memorizza le informazioni raccolte dai cookie su server ubicati negli Stati Uniti, nel rispetto della normativa europea in materia di protezione dei dati personali e si impegna a non condividerle con terzi, salvo quando la legge lo richieda o sia necessario per il funzionamento .del sistema. Google non associa il tuo indirizzo IP a nessun&#8217;altra informazione in suo possesso. Se desideri ottenere maggiori informazioni sui cookie utilizzati da Google Analytics, accedi a questo indirizzo: https:\/\/developers.google.com\/analytics\/devguides\/collection\/analyticsjs\/cookie-usage?hl=es&amp;csw=1    <\/span><\/li>\n<li><span>Tipo: Terzo<\/span><\/li>\n<li><span>Scopo: Analitico<\/span><\/li>\n<\/ul>\n<\/li>\n<li><span>moove_gdpr_popup<\/span>\n<ul>\n<li><span>Durata: 1 GIORNO<\/span><\/li>\n<li><span>Descrizione: controlla l&#8217;accettazione della cookie policy da parte dell&#8217;utente.<\/span><\/li>\n<li><span>Tipo: Terzo<\/span><\/li>\n<li><span>Scopo: consensi<\/span><\/li>\n<\/ul>\n<\/li>\n<\/ul>\n<p><a href=\"https:\/\/academiapilotoeeuu.com\/it\/\">https:\/\/academiapilotoeeuu.com\/<\/a> visualizza le informazioni sulla tua Cookie Policy nella parte inferiore o superiore di qualsiasi pagina del portale ad ogni accesso.<\/p>\n<p><span>Alla luce di queste informazioni, \u00e8 possibile eseguire le seguenti azioni:<\/span><\/p>\n<ul>\n<li><span>Accetta i cookie: Questo avviso non verr\u00e0 pi\u00f9 visualizzato quando si accede a qualsiasi pagina del portale durante questa sessione.<\/span><\/li>\n<li><span>Modifica \/ personalizza la tua configurazione: puoi ottenere maggiori informazioni su cosa sono i cookie, conoscere la Politica sui cookie di: https:\/\/academiapilotoeeuu.com e modificare le impostazioni del browser.<\/span><\/li>\n<\/ul>\n<p>[\/et_pb_text][\/et_pb_column][\/et_pb_row][\/et_pb_section]<\/p>\n","protected":false},"excerpt":{"rendered":"<p>POLITICA DEI COOKIECosa sono i cookie? I cookie sono file che possono essere scaricati sul tuo computer tramite le pagine web. Sono strumenti che svolgono un ruolo essenziale nella fornitura di numerosi servizi della societ\u00e0 dell&#8217;informazione. Tra l&#8217;altro, consentono a una pagina Web di archiviare e recuperare informazioni sulle abitudini di navigazione di un utente [&hellip;]<\/p>\n","protected":false},"author":2,"featured_media":0,"parent":0,"menu_order":0,"comment_status":"closed","ping_status":"closed","template":"","meta":{"_et_pb_use_builder":"on","_et_pb_old_content":"","_et_gb_content_width":"","_joinchat":[],"footnotes":""},"class_list":["post-1107","page","type-page","status-publish","hentry"],"_links":{"self":[{"href":"https:\/\/academiapilotoeeuu.com\/it\/wp-json\/wp\/v2\/pages\/1107","targetHints":{"allow":["GET"]}}],"collection":[{"href":"https:\/\/academiapilotoeeuu.com\/it\/wp-json\/wp\/v2\/pages"}],"about":[{"href":"https:\/\/academiapilotoeeuu.com\/it\/wp-json\/wp\/v2\/types\/page"}],"author":[{"embeddable":true,"href":"https:\/\/academiapilotoeeuu.com\/it\/wp-json\/wp\/v2\/users\/2"}],"replies":[{"embeddable":true,"href":"https:\/\/academiapilotoeeuu.com\/it\/wp-json\/wp\/v2\/comments?post=1107"}],"version-history":[{"count":5,"href":"https:\/\/academiapilotoeeuu.com\/it\/wp-json\/wp\/v2\/pages\/1107\/revisions"}],"predecessor-version":[{"id":1112,"href":"https:\/\/academiapilotoeeuu.com\/it\/wp-json\/wp\/v2\/pages\/1107\/revisions\/1112"}],"wp:attachment":[{"href":"https:\/\/academiapilotoeeuu.com\/it\/wp-json\/wp\/v2\/media?parent=1107"}],"curies":[{"name":"wp","href":"https:\/\/api.w.org\/{rel}","templated":true}]}}