{"id":2273,"date":"2024-06-21T19:40:58","date_gmt":"2024-06-21T17:40:58","guid":{"rendered":"https:\/\/academiapilotoeeuu.com\/pilota-daereo\/mentoring\/"},"modified":"2024-08-28T18:16:01","modified_gmt":"2024-08-28T16:16:01","slug":"mentoring","status":"publish","type":"page","link":"https:\/\/academiapilotoeeuu.com\/it\/pilota-daereo\/mentoring\/","title":{"rendered":"Mentoring"},"content":{"rendered":"<p>[et_pb_section fb_built=&#8221;1&#8243; _builder_version=&#8221;4.16&#8243; _module_preset=&#8221;default&#8221; custom_margin=&#8221;||-2px|||&#8221; custom_padding=&#8221;2px|||||&#8221; locked=&#8221;off&#8221; global_colors_info=&#8221;{}&#8221;][et_pb_row _builder_version=&#8221;4.21.0&#8243; _module_preset=&#8221;default&#8221; background_image=&#8221;https:\/\/academiapilotoeeuu.com\/wp-content\/uploads\/2024\/06\/mentoring-piloto-de-aviones.jpg&#8221; parallax=&#8221;on&#8221; parallax_method=&#8221;off&#8221; width=&#8221;96%&#8221; max_width=&#8221;100%&#8221; custom_padding=&#8221;8px||90px|||&#8221; global_colors_info=&#8221;{}&#8221;][et_pb_column type=&#8221;4_4&#8243; _builder_version=&#8221;4.16&#8243; _module_preset=&#8221;default&#8221; global_colors_info=&#8221;{}&#8221;][et_pb_text _builder_version=&#8221;4.16&#8243; _module_preset=&#8221;default&#8221; text_font=&#8221;|700|||||||&#8221; text_text_color=&#8221;#FFFFFF&#8221; text_font_size=&#8221;18px&#8221; text_line_height=&#8221;1.8em&#8221; header_font=&#8221;|800|||||||&#8221; header_text_align=&#8221;center&#8221; header_text_color=&#8221;#FFFFFF&#8221; header_font_size=&#8221;63px&#8221; header_line_height=&#8221;1.5em&#8221; header_2_font=&#8221;|800|||||||&#8221; header_2_text_color=&#8221;#FFFFFF&#8221; width=&#8221;100%&#8221; custom_margin=&#8221;||0px|||&#8221; custom_padding=&#8221;16.9%|5%|5.4%|5%|false|true&#8221; custom_padding_tablet=&#8221;32.5%||9.8%||false|true&#8221; custom_padding_phone=&#8221;32.6%||11.6%||false|true&#8221; custom_padding_last_edited=&#8221;on|desktop&#8221; header_font_size_tablet=&#8221;46px&#8221; header_font_size_phone=&#8221;30px&#8221; header_font_size_last_edited=&#8221;on|phone&#8221; header_text_shadow_style=&#8221;preset1&#8243; global_colors_info=&#8221;{}&#8221;]<\/p>\n<h1 style=\"text-align: center;\">MENTORING<span style=\"font-size: large;\"><\/span><\/h1>\n<p>[\/et_pb_text][\/et_pb_column][\/et_pb_row][\/et_pb_section][et_pb_section fb_built=&#8221;1&#8243; _builder_version=&#8221;4.16&#8243; _module_preset=&#8221;default&#8221; custom_padding=&#8221;2px||8px|||&#8221; locked=&#8221;off&#8221; global_colors_info=&#8221;{}&#8221;][et_pb_row column_structure=&#8221;2_5,3_5&#8243; make_equal=&#8221;on&#8221; _builder_version=&#8221;4.16&#8243; _module_preset=&#8221;default&#8221; background_color=&#8221;rgba(226,228,225,0.31)&#8221; background_enable_image=&#8221;off&#8221; parallax=&#8221;on&#8221; parallax_method=&#8221;off&#8221; width=&#8221;96%&#8221; max_width=&#8221;100%&#8221; custom_padding=&#8221;2%|2%|2%|2%|true|true&#8221; global_colors_info=&#8221;{}&#8221;][et_pb_column type=&#8221;2_5&#8243; _builder_version=&#8221;4.16&#8243; _module_preset=&#8221;default&#8221; background_enable_image=&#8221;off&#8221; custom_padding=&#8221;0px|0px|0px|0px|false|false&#8221; global_colors_info=&#8221;{}&#8221;][et_pb_text _builder_version=&#8221;4.16&#8243; _module_preset=&#8221;default&#8221; text_font=&#8221;|800|||||||&#8221; text_text_color=&#8221;#0B0F59&#8243; text_font_size=&#8221;43px&#8221; custom_margin=&#8221;||10px|||&#8221; custom_padding=&#8221;5%|5%|2%|5%|false|true&#8221; text_font_size_tablet=&#8221;&#8221; text_font_size_phone=&#8221;26px&#8221; text_font_size_last_edited=&#8221;on|phone&#8221; global_colors_info=&#8221;{}&#8221;]<\/p>\n<p>MENTORING<\/p>\n<p>[\/et_pb_text][et_pb_text _builder_version=&#8221;4.16&#8243; _module_preset=&#8221;default&#8221; text_font=&#8221;|300|||||||&#8221; text_text_color=&#8221;#0B0F59&#8243; text_font_size=&#8221;36px&#8221; text_line_height=&#8221;1.3em&#8221; custom_margin=&#8221;||2px|||&#8221; custom_padding=&#8221;1.5%|5%|2%|5%|false|true&#8221; text_font_size_tablet=&#8221;&#8221; text_font_size_phone=&#8221;24px&#8221; text_font_size_last_edited=&#8221;on|phone&#8221; global_colors_info=&#8221;{}&#8221;]<\/p>\n<p>A TUA DISPOSIZIONE<\/p>\n<p>[\/et_pb_text][et_pb_text _builder_version=&#8221;4.21.0&#8243; _module_preset=&#8221;default&#8221; text_font=&#8221;||||||||&#8221; text_font_size=&#8221;16px&#8221; custom_padding=&#8221;2.2%|5%|2%|5%|false|true&#8221; text_font_size_tablet=&#8221;&#8221; text_font_size_phone=&#8221;&#8221; text_font_size_last_edited=&#8221;on|desktop&#8221; global_colors_info=&#8221;{}&#8221;]<\/p>\n<p>Il tuo rappresentante ti guider\u00e0 dal primo momento, accompagnandoti fino al completamento del <strong>&#8220;Professional Airplane Pilot Program&#8221;<\/strong>, mettendo a tua disposizione un&#8217;<strong>esperienza di oltre 30 anni<\/strong> nel mondo dell&#8217;<strong>aviazione<\/strong>. Dopo il corso potr\u00e0 <strong>orientarti sulle migliori opzioni<\/strong> presenti sul mercato in quel momento, agilizzando il raggiungimento dei tuoi <strong>obiettivi professionali <\/strong> e tenendo in conto le <strong>tue preferenze<\/strong> (professionali, geografiche ed economiche).<\/p>\n<p>[\/et_pb_text][\/et_pb_column][et_pb_column type=&#8221;3_5&#8243; _builder_version=&#8221;4.16&#8243; _module_preset=&#8221;default&#8221; background_enable_image=&#8221;off&#8221; custom_padding=&#8221;0px|0px|0px|0px|false|false&#8221; global_colors_info=&#8221;{}&#8221;][et_pb_testimonial portrait_url=&#8221;https:\/\/academiapilotoeeuu.com\/wp-content\/uploads\/2021\/05\/Roberto-Martinez-academia-piloto-eeuu.jpg&#8221; quote_icon=&#8221;off&#8221; _builder_version=&#8221;4.16&#8243; _module_preset=&#8221;default&#8221; background_color=&#8221;#FFFFFF&#8221; text_orientation=&#8221;center&#8221; custom_margin=&#8221;||-2px|||&#8221; border_radii=&#8221;on|33px|33px|33px|33px&#8221; border_color_all_portrait=&#8221;RGBA(0,0,0,0)&#8221; box_shadow_style=&#8221;preset1&#8243; global_colors_info=&#8221;{}&#8221;]<\/p>\n<p>Vicente mi ha consigliato di conseguire <strong>la Licenza di Pilota di Elicottero Commerciale negli USA<\/strong> e mi ha fornito tutte le informazioni per ottenere la Licenza <strong>CPL <\/strong>( H ) <strong>FAA<\/strong>. Una volta in Spagna, mi ha aiutato a convalidare la mia licenza <strong>ATPL <\/strong>( H ) venezuelana, per ottenere la licenza <strong>ATPL <\/strong>( H ) spagnola. A sua volta contatt\u00f2 il <strong>Direttore <\/strong>delle Operazioni della Compagnia dove lavorava e mi assunsero come Comandante di un AW139, per lavorare come <strong>Pilota SAR<\/strong>. \u00c8 sempre consapevole dei compiti di \u201c<strong>mentoring<\/strong>\u201d.    <\/p>\n<p style=\"text-align: center;\"><strong>Roberto Mart\u00ednez<\/strong><\/p>\n<p style=\"text-align: center;\">Pilota di Elicottero<\/p>\n<p>[\/et_pb_testimonial][et_pb_testimonial portrait_url=&#8221;https:\/\/academiapilotoeeuu.com\/wp-content\/uploads\/2024\/06\/foto-de-adrian-gonzalez-para-mentoring-piloto-aviones.jpg&#8221; quote_icon=&#8221;off&#8221; _builder_version=&#8221;4.21.0&#8243; _module_preset=&#8221;default&#8221; background_color=&#8221;#FFFFFF&#8221; custom_margin=&#8221;25px||-2px|||&#8221; border_radii=&#8221;on|33px|33px|33px|33px&#8221; border_color_all_portrait=&#8221;RGBA(0,0,0,0)&#8221; box_shadow_style=&#8221;preset1&#8243; global_colors_info=&#8221;{}&#8221;]<\/p>\n<p>Ho conosciuto Vicente mentre mi informavo su come formarmi per diventare <strong>pilota <\/strong> <strong>di elicotteri,<\/strong> e ho avuto molta fortuna, perch\u00e9 fin dall&#8217;inizio si \u00e8 coinvolto con me e mi ha parlato della possibilit\u00e0 di fare il <strong>corso <\/strong> negli <strong>Stati Uniti.<\/strong> Alla fine l&#8217;ho fatto ed \u00e8 stata la migliore decisione che abbia mai preso, e inoltre una volta finito negli <strong> Stati Uniti<\/strong>, mi ha aiutato a ottenere le <strong>abilitazioni <\/strong> di cui avevo bisogno per poter lavorare in Spagna. Ha preso contatto con la sezione <strong>operativa di Avincis Spagna<\/strong>, mi hanno assunto e questa sar\u00e0 la mia terza campagna come <strong>copilota<\/strong> nelle <strong>operazioni antincendio<\/strong>, pilotando <strong>Bell 212, 412 e Superpumas<\/strong>. \u00c8 una grande persona, che cerca sempre di aiutarti in tutto ci\u00f2 che pu\u00f2. Sono molto contento del suo lavoro di <strong>&#8220;mentoring&#8221;<\/strong>.   <\/p>\n<p style=\"text-align: center;\"><strong>Adri\u00e1n Gonz\u00e1lez<\/strong><\/p>\n<p style=\"text-align: center;\">Pilota di Elicottero<\/p>\n<p>[\/et_pb_testimonial][\/et_pb_column][\/et_pb_row][\/et_pb_section][et_pb_section fb_built=&#8221;1&#8243; module_id=&#8221;CONTATTACI&#8221; _builder_version=&#8221;4.9.4&#8243; _module_preset=&#8221;default&#8221; custom_padding=&#8221;0px||0px|||&#8221; global_module=&#8221;395&#8243; saved_tabs=&#8221;all&#8221; global_colors_info=&#8221;{}&#8221;][et_pb_row _builder_version=&#8221;4.16&#8243; _module_preset=&#8221;default&#8221; max_width=&#8221;100%&#8221; custom_padding=&#8221;16px||10px|||&#8221; global_colors_info=&#8221;{}&#8221;][et_pb_column type=&#8221;4_4&#8243; _builder_version=&#8221;4.16&#8243; _module_preset=&#8221;default&#8221; global_colors_info=&#8221;{}&#8221;][et_pb_text _builder_version=&#8221;4.16&#8243; _module_preset=&#8221;default&#8221; global_colors_info=&#8221;{}&#8221;]<\/p>\n<h2><strong>CONTATTACI ACCADEMIA PILOTA USA<\/strong><\/h2>\n<p><span>Se desideri maggiori informazioni, non esitare a contattarci tramite:<\/span> <span><strong>E-mail:<\/strong> <a href=\"mailto:info@academiapilotoeeuu.com\">info.it@academiapilotoeeuu.com<\/a> <\/span><strong><span>Telefono\/Whatsapp: <a href=\"tel:+34667648234\">+34 635 399 173<\/a><\/span> <\/strong>o se preferisci compilando il seguente <strong>modulo:<\/strong><\/p>\n<p>[\/et_pb_text][\/et_pb_column][\/et_pb_row][\/et_pb_section][et_pb_section fb_built=&#8221;1&#8243; _builder_version=&#8221;4.16&#8243; _module_preset=&#8221;default&#8221; custom_padding=&#8221;2px||47px|||&#8221; global_colors_info=&#8221;{}&#8221;][et_pb_row column_structure=&#8221;1_2,1_2&#8243; make_equal=&#8221;on&#8221; _builder_version=&#8221;4.21.0&#8243; _module_preset=&#8221;default&#8221; background_color=&#8221;rgba(226,228,225,0.31)&#8221; background_enable_image=&#8221;off&#8221; parallax=&#8221;on&#8221; parallax_method=&#8221;off&#8221; width=&#8221;96%&#8221; max_width=&#8221;100%&#8221; custom_padding=&#8221;3%|3%|3%|3%|true|true&#8221; global_colors_info=&#8221;{}&#8221;][et_pb_column type=&#8221;1_2&#8243; _builder_version=&#8221;4.16&#8243; _module_preset=&#8221;default&#8221; background_color=&#8221;RGBA(226,228,225,0.31)&#8221; custom_padding=&#8221;2%|5%||5%|false|true&#8221; border_radii=&#8221;on|33px|33px|33px|33px&#8221; box_shadow_style=&#8221;preset1&#8243; global_colors_info=&#8221;{}&#8221;][et_pb_contact_form email=&#8221;info.it@academiapilotoeeuu.com&#8221; title=&#8221;CONTATTACI&#8221; custom_message=&#8221;Mensaje enviado desde la Web Academia &#8211; Piloto de Avi\u00f3n EEUU||et_pb_line_break_holder||NOMBRE Y APELLIDOS: %%Name%%||et_pb_line_break_holder||EMAIL: %%email%%||et_pb_line_break_holder||TEL\u00c9FONO: %%Telf%%||et_pb_line_break_holder||PA\u00cdS: %%Pais%%||et_pb_line_break_holder||MENSAJE: %%Message%%||et_pb_line_break_holder||CONSENTIMIENTO: %%Consentimientos%%||et_pb_line_break_holder||&#8221; _builder_version=&#8221;4.25.1&#8243; _module_preset=&#8221;default&#8221; form_field_background_color=&#8221;#ffffff&#8221; form_field_text_color=&#8221;#000000&#8243; form_field_focus_text_color=&#8221;#000000&#8243; title_level=&#8221;h2&#8243; title_font=&#8221;|700|||||||&#8221; title_text_color=&#8221;#0b0f59&#8243; title_line_height=&#8221;1.9em&#8221; custom_button=&#8221;on&#8221; button_text_color=&#8221;#ffffff&#8221; button_bg_color=&#8221;#0B0F59&#8243; button_bg_use_color_gradient=&#8221;on&#8221; button_bg_color_gradient_stops=&#8221;#0b0f59 0%|#7ca0c1 100%&#8221; button_bg_color_gradient_start=&#8221;#0b0f59&#8243; button_bg_color_gradient_end=&#8221;#7ca0c1&#8243; button_border_width=&#8221;0px&#8221; button_border_radius=&#8221;33px&#8221; button_letter_spacing=&#8221;4px&#8221; vertical_offset_tablet=&#8221;0&#8243; horizontal_offset_tablet=&#8221;0&#8243; custom_margin=&#8221;||-3px||false|false&#8221; custom_padding=&#8221;||4%||false|false&#8221; custom_padding_tablet=&#8221;&#8221; custom_padding_phone=&#8221;&#8221; custom_padding_last_edited=&#8221;on|desktop&#8221; hover_enabled=&#8221;0&#8243; title_line_height_tablet=&#8221;&#8221; title_line_height_phone=&#8221;2.3em&#8221; title_line_height_last_edited=&#8221;on|desktop&#8221; button_bg_color_gradient_stops_tablet=&#8221;#0b0f59 0%|#7ca0c1 100%&#8221; button_bg_color_gradient_stops_phone=&#8221;#0b0f59 0%|#7ca0c1 100%&#8221; title_text_shadow_horizontal_length_tablet=&#8221;0px&#8221; title_text_shadow_vertical_length_tablet=&#8221;0px&#8221; title_text_shadow_blur_strength_tablet=&#8221;1px&#8221; captcha_text_shadow_horizontal_length_tablet=&#8221;0px&#8221; captcha_text_shadow_vertical_length_tablet=&#8221;0px&#8221; captcha_text_shadow_blur_strength_tablet=&#8221;1px&#8221; form_field_text_shadow_horizontal_length_tablet=&#8221;0px&#8221; form_field_text_shadow_vertical_length_tablet=&#8221;0px&#8221; form_field_text_shadow_blur_strength_tablet=&#8221;1px&#8221; border_width_all=&#8221;1px&#8221; border_color_all=&#8221;#0B0F59&#8243; border_color_top=&#8221;#0b0f59&#8243; border_color_right=&#8221;#0b0f59&#8243; border_color_bottom=&#8221;#0b0f59&#8243; border_color_left=&#8221;#0b0f59&#8243; button_text_shadow_horizontal_length_tablet=&#8221;0px&#8221; button_text_shadow_vertical_length_tablet=&#8221;0px&#8221; button_text_shadow_blur_strength_tablet=&#8221;1px&#8221; box_shadow_horizontal_tablet=&#8221;0px&#8221; box_shadow_vertical_tablet=&#8221;0px&#8221; box_shadow_blur_tablet=&#8221;40px&#8221; box_shadow_spread_tablet=&#8221;0px&#8221; box_shadow_horizontal_button_tablet=&#8221;0px&#8221; box_shadow_vertical_button_tablet=&#8221;0px&#8221; box_shadow_blur_button_tablet=&#8221;40px&#8221; box_shadow_spread_button_tablet=&#8221;0px&#8221; text_shadow_horizontal_length_tablet=&#8221;0px&#8221; text_shadow_vertical_length_tablet=&#8221;0px&#8221; text_shadow_blur_strength_tablet=&#8221;1px&#8221; saved_tabs=&#8221;all&#8221; locked=&#8221;off&#8221; global_colors_info=&#8221;{}&#8221; module_id=&#8221;et_pb_contact_form_0&#8243; sticky_enabled=&#8221;0&#8243;][et_pb_contact_field field_id=&#8221;Name&#8221; field_title=&#8221;Nome e Cognome&#8221; fullwidth_field=&#8221;on&#8221; _builder_version=&#8221;4.16&#8243; global_colors_info=&#8221;{}&#8221; button_text_size__hover_enabled=&#8221;off&#8221; button_one_text_size__hover_enabled=&#8221;off&#8221; button_two_text_size__hover_enabled=&#8221;off&#8221; button_text_color__hover_enabled=&#8221;off&#8221; button_one_text_color__hover_enabled=&#8221;off&#8221; button_two_text_color__hover_enabled=&#8221;off&#8221; button_border_width__hover_enabled=&#8221;off&#8221; button_one_border_width__hover_enabled=&#8221;off&#8221; button_two_border_width__hover_enabled=&#8221;off&#8221; button_border_color__hover_enabled=&#8221;off&#8221; button_one_border_color__hover_enabled=&#8221;off&#8221; button_two_border_color__hover_enabled=&#8221;off&#8221; button_border_radius__hover_enabled=&#8221;off&#8221; button_one_border_radius__hover_enabled=&#8221;off&#8221; button_two_border_radius__hover_enabled=&#8221;off&#8221; button_letter_spacing__hover_enabled=&#8221;off&#8221; button_one_letter_spacing__hover_enabled=&#8221;off&#8221; button_two_letter_spacing__hover_enabled=&#8221;off&#8221; button_bg_color__hover_enabled=&#8221;off&#8221; button_one_bg_color__hover_enabled=&#8221;off&#8221; button_two_bg_color__hover_enabled=&#8221;off&#8221;][\/et_pb_contact_field][et_pb_contact_field field_id=&#8221;Email&#8221; field_title=&#8221;Indirizzo email&#8221; field_type=&#8221;email&#8221; fullwidth_field=&#8221;on&#8221; _builder_version=&#8221;4.16&#8243; global_colors_info=&#8221;{}&#8221; button_text_size__hover_enabled=&#8221;off&#8221; button_one_text_size__hover_enabled=&#8221;off&#8221; button_two_text_size__hover_enabled=&#8221;off&#8221; button_text_color__hover_enabled=&#8221;off&#8221; button_one_text_color__hover_enabled=&#8221;off&#8221; button_two_text_color__hover_enabled=&#8221;off&#8221; button_border_width__hover_enabled=&#8221;off&#8221; button_one_border_width__hover_enabled=&#8221;off&#8221; button_two_border_width__hover_enabled=&#8221;off&#8221; button_border_color__hover_enabled=&#8221;off&#8221; button_one_border_color__hover_enabled=&#8221;off&#8221; button_two_border_color__hover_enabled=&#8221;off&#8221; button_border_radius__hover_enabled=&#8221;off&#8221; button_one_border_radius__hover_enabled=&#8221;off&#8221; button_two_border_radius__hover_enabled=&#8221;off&#8221; button_letter_spacing__hover_enabled=&#8221;off&#8221; button_one_letter_spacing__hover_enabled=&#8221;off&#8221; button_two_letter_spacing__hover_enabled=&#8221;off&#8221; button_bg_color__hover_enabled=&#8221;off&#8221; button_one_bg_color__hover_enabled=&#8221;off&#8221; button_two_bg_color__hover_enabled=&#8221;off&#8221;][\/et_pb_contact_field][et_pb_contact_field field_id=&#8221;Telf&#8221; field_title=&#8221;Telefono&#8221; fullwidth_field=&#8221;on&#8221; _builder_version=&#8221;4.16&#8243; global_colors_info=&#8221;{}&#8221; button_text_size__hover_enabled=&#8221;off&#8221; button_one_text_size__hover_enabled=&#8221;off&#8221; button_two_text_size__hover_enabled=&#8221;off&#8221; button_text_color__hover_enabled=&#8221;off&#8221; button_one_text_color__hover_enabled=&#8221;off&#8221; button_two_text_color__hover_enabled=&#8221;off&#8221; button_border_width__hover_enabled=&#8221;off&#8221; button_one_border_width__hover_enabled=&#8221;off&#8221; button_two_border_width__hover_enabled=&#8221;off&#8221; button_border_color__hover_enabled=&#8221;off&#8221; button_one_border_color__hover_enabled=&#8221;off&#8221; button_two_border_color__hover_enabled=&#8221;off&#8221; button_border_radius__hover_enabled=&#8221;off&#8221; button_one_border_radius__hover_enabled=&#8221;off&#8221; button_two_border_radius__hover_enabled=&#8221;off&#8221; button_letter_spacing__hover_enabled=&#8221;off&#8221; button_one_letter_spacing__hover_enabled=&#8221;off&#8221; button_two_letter_spacing__hover_enabled=&#8221;off&#8221; button_bg_color__hover_enabled=&#8221;off&#8221; button_one_bg_color__hover_enabled=&#8221;off&#8221; button_two_bg_color__hover_enabled=&#8221;off&#8221;][\/et_pb_contact_field][et_pb_contact_field field_id=&#8221;Pais&#8221; field_title=&#8221;Paese&#8221; required_mark=&#8221;off&#8221; fullwidth_field=&#8221;on&#8221; _builder_version=&#8221;4.16&#8243; global_colors_info=&#8221;{}&#8221; button_text_size__hover_enabled=&#8221;off&#8221; button_one_text_size__hover_enabled=&#8221;off&#8221; button_two_text_size__hover_enabled=&#8221;off&#8221; button_text_color__hover_enabled=&#8221;off&#8221; button_one_text_color__hover_enabled=&#8221;off&#8221; button_two_text_color__hover_enabled=&#8221;off&#8221; button_border_width__hover_enabled=&#8221;off&#8221; button_one_border_width__hover_enabled=&#8221;off&#8221; button_two_border_width__hover_enabled=&#8221;off&#8221; button_border_color__hover_enabled=&#8221;off&#8221; button_one_border_color__hover_enabled=&#8221;off&#8221; button_two_border_color__hover_enabled=&#8221;off&#8221; button_border_radius__hover_enabled=&#8221;off&#8221; button_one_border_radius__hover_enabled=&#8221;off&#8221; button_two_border_radius__hover_enabled=&#8221;off&#8221; button_letter_spacing__hover_enabled=&#8221;off&#8221; button_one_letter_spacing__hover_enabled=&#8221;off&#8221; button_two_letter_spacing__hover_enabled=&#8221;off&#8221; button_bg_color__hover_enabled=&#8221;off&#8221; button_one_bg_color__hover_enabled=&#8221;off&#8221; button_two_bg_color__hover_enabled=&#8221;off&#8221;][\/et_pb_contact_field][et_pb_contact_field field_id=&#8221;Message&#8221; field_title=&#8221;Messaggio&#8221; field_type=&#8221;text&#8221; fullwidth_field=&#8221;on&#8221; _builder_version=&#8221;4.16&#8243; global_colors_info=&#8221;{}&#8221; button_text_size__hover_enabled=&#8221;off&#8221; button_one_text_size__hover_enabled=&#8221;off&#8221; button_two_text_size__hover_enabled=&#8221;off&#8221; button_text_color__hover_enabled=&#8221;off&#8221; button_one_text_color__hover_enabled=&#8221;off&#8221; button_two_text_color__hover_enabled=&#8221;off&#8221; button_border_width__hover_enabled=&#8221;off&#8221; button_one_border_width__hover_enabled=&#8221;off&#8221; button_two_border_width__hover_enabled=&#8221;off&#8221; button_border_color__hover_enabled=&#8221;off&#8221; button_one_border_color__hover_enabled=&#8221;off&#8221; button_two_border_color__hover_enabled=&#8221;off&#8221; button_border_radius__hover_enabled=&#8221;off&#8221; button_one_border_radius__hover_enabled=&#8221;off&#8221; button_two_border_radius__hover_enabled=&#8221;off&#8221; button_letter_spacing__hover_enabled=&#8221;off&#8221; button_one_letter_spacing__hover_enabled=&#8221;off&#8221; button_two_letter_spacing__hover_enabled=&#8221;off&#8221; button_bg_color__hover_enabled=&#8221;off&#8221; button_one_bg_color__hover_enabled=&#8221;off&#8221; button_two_bg_color__hover_enabled=&#8221;off&#8221;][\/et_pb_contact_field][et_pb_contact_field field_id=&#8221;Consentimientos&#8221; field_title=&#8221;Consenso:&#8221; field_type=&#8221;checkbox&#8221; checkbox_options=&#8221;%91{%22value%22:%22Ho letto e Accetto la %22,%22checked%22:0,%22dragID%22:-1,%22link_text%22:%22Politica sulla Privacy%22,%22link_url%22:%22https:\\\/\\\/academiapilotoeeuu.com\\\/politica-de-privacidad%22}%93&#8243; fullwidth_field=&#8221;on&#8221; _builder_version=&#8221;4.16&#8243; _module_preset=&#8221;default&#8221; global_colors_info=&#8221;{}&#8221;][\/et_pb_contact_field][\/et_pb_contact_form][et_pb_text _builder_version=&#8221;4.9.4&#8243; _module_preset=&#8221;default&#8221; text_font=&#8221;|300|||||||&#8221; text_font_size=&#8221;10px&#8221; text_line_height=&#8221;1.6em&#8221; custom_padding=&#8221;0px|1%|1%|1%|false|false&#8221; global_module=&#8221;388&#8243; global_colors_info=&#8221;{}&#8221;]<\/p>\n<p><strong>Responsable<\/strong>: Helicopter Multiservice Provider S.L. | <strong>Finalidad<\/strong>: Gestionar la respuesta a su pregunta | <strong>Legitimaci\u00f3n<\/strong>: Consentimiento del interesado | <strong>Destinatario y encargado del tratamiento de sus datos<\/strong>: Helicopter Multiservice Provider S.L. M\u00e1s informaci\u00f3n en nuestra <strong><span style=\"color: #000080;\"><a href=\"https:\/\/academiapilotoeeuu.com\/politica-de-privacidad\/\" style=\"color: #000080;\">pol\u00edtica de privacidad<\/a>.<\/span><\/strong><\/p>\n<p>[\/et_pb_text][\/et_pb_column][et_pb_column type=&#8221;1_2&#8243; _builder_version=&#8221;4.21.0&#8243; _module_preset=&#8221;default&#8221; background_image=&#8221;https:\/\/academiapilotoeeuu.com\/wp-content\/uploads\/2024\/05\/academia-PILOTO-LINEAS-AEREAS.jpg&#8221; custom_padding=&#8221;2%|5%||5%|false|true&#8221; border_radii=&#8221;on|33px|33px|33px|33px&#8221; box_shadow_style=&#8221;preset1&#8243; global_colors_info=&#8221;{}&#8221; transform_styles__hover_enabled=&#8221;on|hover&#8221; transform_scale__hover_enabled=&#8221;on|hover&#8221; transform_translate__hover_enabled=&#8221;on|desktop&#8221; transform_rotate__hover_enabled=&#8221;on|desktop&#8221; transform_skew__hover_enabled=&#8221;on|desktop&#8221; transform_origin__hover_enabled=&#8221;on|desktop&#8221; transform_scale__hover=&#8221;103%|103%&#8221;][et_pb_text _builder_version=&#8221;4.16&#8243; _module_preset=&#8221;default&#8221; global_colors_info=&#8221;{}&#8221;]<\/p>\n<p>&nbsp;<\/p>\n<p>&nbsp;<\/p>\n<p>&nbsp;<\/p>\n<p>&nbsp;<\/p>\n<p>&nbsp;<\/p>\n<p>&nbsp;<\/p>\n<p>&nbsp;<\/p>\n<p>&nbsp;<\/p>\n<p>&nbsp;<\/p>\n<p>&nbsp;<\/p>\n<p>[\/et_pb_text][\/et_pb_column][\/et_pb_row][\/et_pb_section]<\/p>\n","protected":false},"excerpt":{"rendered":"<p>MENTORING MENTORING A TUA DISPOSIZIONE Il tuo rappresentante ti guider\u00e0 dal primo momento, accompagnandoti fino al completamento del &#8220;Professional Airplane Pilot Program&#8221;, mettendo a tua disposizione un&#8217;esperienza di oltre 30 anni nel mondo dell&#8217;aviazione. Dopo il corso potr\u00e0 orientarti sulle migliori opzioni presenti sul mercato in quel momento, agilizzando il raggiungimento dei tuoi obiettivi professionali [&hellip;]<\/p>\n","protected":false},"author":2,"featured_media":0,"parent":2245,"menu_order":0,"comment_status":"closed","ping_status":"closed","template":"","meta":{"_et_pb_use_builder":"on","_et_pb_old_content":"","_et_gb_content_width":"","_joinchat":[],"footnotes":""},"class_list":["post-2273","page","type-page","status-publish","hentry"],"_links":{"self":[{"href":"https:\/\/academiapilotoeeuu.com\/it\/wp-json\/wp\/v2\/pages\/2273","targetHints":{"allow":["GET"]}}],"collection":[{"href":"https:\/\/academiapilotoeeuu.com\/it\/wp-json\/wp\/v2\/pages"}],"about":[{"href":"https:\/\/academiapilotoeeuu.com\/it\/wp-json\/wp\/v2\/types\/page"}],"author":[{"embeddable":true,"href":"https:\/\/academiapilotoeeuu.com\/it\/wp-json\/wp\/v2\/users\/2"}],"replies":[{"embeddable":true,"href":"https:\/\/academiapilotoeeuu.com\/it\/wp-json\/wp\/v2\/comments?post=2273"}],"version-history":[{"count":20,"href":"https:\/\/academiapilotoeeuu.com\/it\/wp-json\/wp\/v2\/pages\/2273\/revisions"}],"predecessor-version":[{"id":2742,"href":"https:\/\/academiapilotoeeuu.com\/it\/wp-json\/wp\/v2\/pages\/2273\/revisions\/2742"}],"up":[{"embeddable":true,"href":"https:\/\/academiapilotoeeuu.com\/it\/wp-json\/wp\/v2\/pages\/2245"}],"wp:attachment":[{"href":"https:\/\/academiapilotoeeuu.com\/it\/wp-json\/wp\/v2\/media?parent=2273"}],"curies":[{"name":"wp","href":"https:\/\/api.w.org\/{rel}","templated":true}]}}