{"id":853,"date":"2021-07-05T20:17:01","date_gmt":"2021-07-05T18:17:01","guid":{"rendered":"https:\/\/academiapilotoeeuu.com\/sbocchi-professionali-per-un-pilota-di-elicottero\/"},"modified":"2021-07-13T16:50:49","modified_gmt":"2021-07-13T14:50:49","slug":"sbocchi-professionali-per-un-pilota-di-elicottero","status":"publish","type":"page","link":"https:\/\/academiapilotoeeuu.com\/it\/sbocchi-professionali-per-un-pilota-di-elicottero\/","title":{"rendered":"SBOCCHI PROFESSIONALI PER UN PILOTA DI ELICOTTERO"},"content":{"rendered":"<p>[et_pb_section fb_built=&#8221;1&#8243; _builder_version=&#8221;4.9.4&#8243; _module_preset=&#8221;default&#8221; custom_padding=&#8221;2px|||||&#8221; locked=&#8221;off&#8221;][et_pb_row _builder_version=&#8221;4.9.7&#8243; _module_preset=&#8221;default&#8221; background_image=&#8221;https:\/\/academiapilotoeeuu.com\/wp-content\/uploads\/2021\/07\/salidas-profesionales-para-un-Piloto-de-helicopteros-1.jpg&#8221; parallax=&#8221;on&#8221; parallax_method=&#8221;off&#8221; width=&#8221;96%&#8221; max_width=&#8221;100%&#8221; custom_padding=&#8221;8px||106px|||&#8221;][et_pb_column type=&#8221;4_4&#8243; _builder_version=&#8221;4.9.4&#8243; _module_preset=&#8221;default&#8221;][et_pb_text _builder_version=&#8221;4.9.4&#8243; _module_preset=&#8221;default&#8221; text_font=&#8221;|700|||||||&#8221; text_text_color=&#8221;#FFFFFF&#8221; text_font_size=&#8221;18px&#8221; text_line_height=&#8221;1.8em&#8221; header_font=&#8221;|800|||||||&#8221; header_text_align=&#8221;center&#8221; header_text_color=&#8221;#FFFFFF&#8221; header_font_size=&#8221;84px&#8221; header_line_height=&#8221;1.3em&#8221; header_2_font=&#8221;|800|||||||&#8221; header_2_text_color=&#8221;#FFFFFF&#8221; width=&#8221;100%&#8221; custom_margin=&#8221;||0px|||&#8221; custom_padding=&#8221;13.7%|5%|3.7%|5%|false|true&#8221; custom_padding_tablet=&#8221;32.5%||9.8%||false|true&#8221; custom_padding_phone=&#8221;32.6%||11.6%||false|true&#8221; custom_padding_last_edited=&#8221;on|desktop&#8221; header_font_size_tablet=&#8221;54px&#8221; header_font_size_phone=&#8221;30px&#8221; header_font_size_last_edited=&#8221;on|phone&#8221; header_text_shadow_style=&#8221;preset1&#8243;]<\/p>\n<h1 style=\"text-align: center\">SBOCCHI PROFESSIONALI<span style=\"font-size: large\"><\/span><\/h1>\n<p>[\/et_pb_text][\/et_pb_column][\/et_pb_row][\/et_pb_section][et_pb_section fb_built=&#8221;1&#8243; _builder_version=&#8221;4.9.4&#8243; _module_preset=&#8221;default&#8221; custom_padding=&#8221;11px||21px|||&#8221; locked=&#8221;off&#8221;][et_pb_row column_structure=&#8221;1_5,1_5,1_5,1_5,1_5&#8243; use_custom_gutter=&#8221;on&#8221; gutter_width=&#8221;2&#8243; make_equal=&#8221;on&#8221; _builder_version=&#8221;4.9.4&#8243; _module_preset=&#8221;default&#8221; width=&#8221;96%&#8221; max_width=&#8221;100%&#8221; custom_padding=&#8221;4px||1px|||&#8221;][et_pb_column type=&#8221;1_5&#8243; _builder_version=&#8221;4.9.4&#8243; _module_preset=&#8221;default&#8221;][et_pb_image src=&#8221;https:\/\/academiapilotoeeuu.com\/wp-content\/uploads\/2021\/05\/salidas-laborales-de-un-piloto-de-helicoptero.jpg&#8221; alt=&#8221;Opportunit\u00e0 di lavoro per piloti di elicottero&#8221; title_text=&#8221;Opportunit\u00e0 di lavoro per piloti di elicottero&#8221; align=&#8221;center&#8221; _builder_version=&#8221;4.9.4&#8243; _module_preset=&#8221;default&#8221; custom_margin=&#8221;||0px|||&#8221; transform_styles__hover_enabled=&#8221;on|hover&#8221; transform_scale__hover_enabled=&#8221;on|hover&#8221; transform_translate__hover_enabled=&#8221;on|desktop&#8221; transform_rotate__hover_enabled=&#8221;on|desktop&#8221; transform_skew__hover_enabled=&#8221;on|desktop&#8221; transform_origin__hover_enabled=&#8221;on|desktop&#8221;][\/et_pb_image][et_pb_text _builder_version=&#8221;4.9.4&#8243; _module_preset=&#8221;default&#8221; text_font=&#8221;||||||||&#8221; header_3_font=&#8221;|700|||||||&#8221; header_3_text_align=&#8221;center&#8221; header_3_text_color=&#8221;#FFFFFF&#8221; header_3_font_size=&#8221;18px&#8221; background_color=&#8221;#0B0F59&#8243; custom_margin=&#8221;0px||||false|false&#8221; custom_padding=&#8221;3%||0%||false|false&#8221;]<\/p>\n<h3>SALVATAGGIO<\/h3>\n<p>[\/et_pb_text][et_pb_text _builder_version=&#8221;4.9.4&#8243; _module_preset=&#8221;default&#8221;]<\/p>\n<p>Attualmente 13 <strong>elicotteri<\/strong> coprono la costa spagnola e la giurisdizione stabilita, per <strong>salvare<\/strong> o <strong>evacuare<\/strong> persone le cui vite <strong>sono in pericolo<\/strong>. \u00c8 un lavoro molto <strong>gratificante.<\/strong><\/p>\n<p>[\/et_pb_text][\/et_pb_column][et_pb_column type=&#8221;1_5&#8243; _builder_version=&#8221;4.9.4&#8243; _module_preset=&#8221;default&#8221;][et_pb_image src=&#8221;https:\/\/academiapilotoeeuu.com\/wp-content\/uploads\/2021\/06\/Transporte-a-plataformas-petroliferas-como-piloto-de-Helicoptero.jpg&#8221; alt=&#8221;Transporto personale piattaforme petrolifere. Accademia Pilota USA&#8221; title_text=&#8221;Transporto personale piattaforme petrolifere. Accademia Pilota USA&#8221; align=&#8221;center&#8221; _builder_version=&#8221;4.9.4&#8243; _module_preset=&#8221;default&#8221; custom_margin=&#8221;||0px|||&#8221; transform_styles__hover_enabled=&#8221;on|hover&#8221; transform_scale__hover_enabled=&#8221;on|hover&#8221; transform_translate__hover_enabled=&#8221;on|desktop&#8221; transform_rotate__hover_enabled=&#8221;on|desktop&#8221; transform_skew__hover_enabled=&#8221;on|desktop&#8221; transform_origin__hover_enabled=&#8221;on|desktop&#8221;][\/et_pb_image][et_pb_text _builder_version=&#8221;4.9.4&#8243; _module_preset=&#8221;default&#8221; text_font=&#8221;||||||||&#8221; header_3_font=&#8221;|700|||||||&#8221; header_3_text_align=&#8221;center&#8221; header_3_text_color=&#8221;#FFFFFF&#8221; header_3_font_size=&#8221;18px&#8221; background_color=&#8221;#0B0F59&#8243; custom_margin=&#8221;0px||||false|false&#8221; custom_padding=&#8221;3%||0%||false|false&#8221;]<\/p>\n<h3>PIATTAFORME PETROLIFERE<\/h3>\n<p>[\/et_pb_text][et_pb_text _builder_version=&#8221;4.9.4&#8243; _module_preset=&#8221;default&#8221;]<\/p>\n<p>Le <strong>grandi aziende<\/strong> del settore <strong>petrolifero<\/strong> richiedono alle societ\u00e0 di <strong>elicotteri<\/strong> di <strong>trasferire il personale<\/strong> che lavora sulle piattaforme petrolifere. Un lavoro in cui viene svolto un numero significativo di <strong>ore<\/strong> <strong>di volo all&#8217;anno.<\/strong><\/p>\n<p>[\/et_pb_text][\/et_pb_column][et_pb_column type=&#8221;1_5&#8243; _builder_version=&#8221;4.9.4&#8243; _module_preset=&#8221;default&#8221;][et_pb_image src=&#8221;https:\/\/academiapilotoeeuu.com\/wp-content\/uploads\/2021\/05\/Piloto-de-Helicoptero-para-fotografia-aerea.jpg&#8221; alt=&#8221;Pilota di elicottero per la fotografia aerea. ACCADEMIA PILOTA USA&#8221; title_text=&#8221;Pilota di elicottero per la fotografia aerea. ACCADEMIA PILOTA USA&#8221; align=&#8221;center&#8221; _builder_version=&#8221;4.9.4&#8243; _module_preset=&#8221;default&#8221; custom_margin=&#8221;||0px|||&#8221; transform_styles__hover_enabled=&#8221;on|hover&#8221; transform_scale__hover_enabled=&#8221;on|hover&#8221; transform_translate__hover_enabled=&#8221;on|desktop&#8221; transform_rotate__hover_enabled=&#8221;on|desktop&#8221; transform_skew__hover_enabled=&#8221;on|desktop&#8221; transform_origin__hover_enabled=&#8221;on|desktop&#8221;][\/et_pb_image][et_pb_text _builder_version=&#8221;4.9.4&#8243; _module_preset=&#8221;default&#8221; text_font=&#8221;||||||||&#8221; header_3_font=&#8221;|700|||||||&#8221; header_3_text_align=&#8221;center&#8221; header_3_text_color=&#8221;#FFFFFF&#8221; header_3_font_size=&#8221;18px&#8221; background_color=&#8221;#0B0F59&#8243; custom_margin=&#8221;0px||||false|false&#8221; custom_padding=&#8221;3%||0%||false|false&#8221;]<\/p>\n<h3>FOTOGRAFIA AEREA<\/h3>\n<p>[\/et_pb_text][et_pb_text _builder_version=&#8221;4.9.4&#8243; _module_preset=&#8221;default&#8221;]<\/p>\n<p>I grandi <strong>raduni<\/strong>, la <strong>Formula 1<\/strong>, le gare <strong>motociclistiche<\/strong>, i tour in <strong>bicicletta<\/strong> e i <strong>grandi<\/strong> <strong>eventi<\/strong> <strong>sportivi<\/strong> sono ripresi dall&#8217;alto in <strong>elicottero.<\/strong> Di solito sono voli molto <strong>eccitanti.<\/strong><\/p>\n<p>[\/et_pb_text][\/et_pb_column][et_pb_column type=&#8221;1_5&#8243; _builder_version=&#8221;4.9.4&#8243; _module_preset=&#8221;default&#8221;][et_pb_image src=&#8221;https:\/\/academiapilotoeeuu.com\/wp-content\/uploads\/2021\/06\/Traslados-medicalizados-en-helicoptero-Academia-Piloto-EEUU.jpg&#8221; alt=&#8221;Trasporto sanitario con elicottero Accademia Pilota USA&#8221; title_text=&#8221;Trasporto sanitario con elicottero Accademia Pilota USA&#8221; align=&#8221;center&#8221; _builder_version=&#8221;4.9.4&#8243; _module_preset=&#8221;default&#8221; custom_margin=&#8221;||0px|||&#8221; transform_styles__hover_enabled=&#8221;on|hover&#8221; transform_scale__hover_enabled=&#8221;on|hover&#8221; transform_translate__hover_enabled=&#8221;on|desktop&#8221; transform_rotate__hover_enabled=&#8221;on|desktop&#8221; transform_skew__hover_enabled=&#8221;on|desktop&#8221; transform_origin__hover_enabled=&#8221;on|desktop&#8221;][\/et_pb_image][et_pb_text _builder_version=&#8221;4.9.4&#8243; _module_preset=&#8221;default&#8221; text_font=&#8221;||||||||&#8221; header_3_font=&#8221;|700|||||||&#8221; header_3_text_align=&#8221;center&#8221; header_3_text_color=&#8221;#FFFFFF&#8221; header_3_font_size=&#8221;18px&#8221; background_color=&#8221;#0B0F59&#8243; custom_margin=&#8221;0px||||false|false&#8221; custom_padding=&#8221;3%||0%||false|false&#8221;]<\/p>\n<h3>TRASPORTO SANITARIO<\/h3>\n<p>[\/et_pb_text][et_pb_text _builder_version=&#8221;4.9.4&#8243; _module_preset=&#8221;default&#8221;]<\/p>\n<p>Poter <strong>contribuire<\/strong> a <strong>salvare<\/strong> una <strong>vita<\/strong> <strong>umana<\/strong>, per <strong>infortuni<\/strong> in <strong>incidenti<\/strong> stradali, o per <strong>trasferimenti<\/strong> in centri <strong>ospedalieri <\/strong> specializzati, \u00e8 un lavoro che d\u00e0 grandi <strong>soddisfazioni.<\/strong><\/p>\n<p>[\/et_pb_text][\/et_pb_column][et_pb_column type=&#8221;1_5&#8243; _builder_version=&#8221;4.9.4&#8243; _module_preset=&#8221;default&#8221;][et_pb_image src=&#8221;https:\/\/academiapilotoeeuu.com\/wp-content\/uploads\/2021\/05\/Piloto-de-helicoptero-para-heli-esqui-Academia-Piloto-EEUU.jpg&#8221; alt=&#8221;Elisc\u00ec. Accademia Pilota USA ELISC\u00cc ACCADEMIA PILOTA USA&#8221; title_text=&#8221;Elisc\u00ec. Accademia Pilota USA ELISC\u00cc ACCADEMIA PILOTA USA&#8221; align=&#8221;center&#8221; _builder_version=&#8221;4.9.4&#8243; _module_preset=&#8221;default&#8221; custom_margin=&#8221;||0px|||&#8221; transform_styles__hover_enabled=&#8221;on|hover&#8221; transform_scale__hover_enabled=&#8221;on|hover&#8221; transform_translate__hover_enabled=&#8221;on|desktop&#8221; transform_rotate__hover_enabled=&#8221;on|desktop&#8221; transform_skew__hover_enabled=&#8221;on|desktop&#8221; transform_origin__hover_enabled=&#8221;on|desktop&#8221; transform_scale__hover=&#8221;103%|103%&#8221;][\/et_pb_image][et_pb_text _builder_version=&#8221;4.9.4&#8243; _module_preset=&#8221;default&#8221; text_font=&#8221;||||||||&#8221; header_3_font=&#8221;|700|||||||&#8221; header_3_text_align=&#8221;center&#8221; header_3_text_color=&#8221;#FFFFFF&#8221; header_3_font_size=&#8221;18px&#8221; background_color=&#8221;#0B0F59&#8243; custom_margin=&#8221;0px||||false|false&#8221; custom_padding=&#8221;3%||0%||false|false&#8221;]<\/p>\n<h3>ELISC\u00cc<\/h3>\n<p>[\/et_pb_text][et_pb_text _builder_version=&#8221;4.9.4&#8243; _module_preset=&#8221;default&#8221;]<\/p>\n<p>Il <strong>volo<\/strong> in <strong>alta montagna<\/strong>, e <strong>l&#8217;atterraggio<\/strong> in <strong>vetta<\/strong>, <strong>trasferendo<\/strong> gli sciatori alle loro discese preferite, vi faranno godere appieno di un <strong>volo<\/strong> <strong>esaltante<\/strong>.<\/p>\n<p>[\/et_pb_text][\/et_pb_column][\/et_pb_row][\/et_pb_section][et_pb_section fb_built=&#8221;1&#8243; _builder_version=&#8221;4.9.4&#8243; _module_preset=&#8221;default&#8221; custom_padding=&#8221;11px||21px|||&#8221; locked=&#8221;off&#8221;][et_pb_row column_structure=&#8221;1_5,1_5,1_5,1_5,1_5&#8243; use_custom_gutter=&#8221;on&#8221; gutter_width=&#8221;2&#8243; make_equal=&#8221;on&#8221; _builder_version=&#8221;4.9.4&#8243; _module_preset=&#8221;default&#8221; width=&#8221;96%&#8221; max_width=&#8221;100%&#8221; custom_padding=&#8221;4px|||||&#8221;][et_pb_column type=&#8221;1_5&#8243; _builder_version=&#8221;4.9.4&#8243; _module_preset=&#8221;default&#8221;][et_pb_image src=&#8221;https:\/\/academiapilotoeeuu.com\/wp-content\/uploads\/2021\/06\/piloto-de-helicoptero-para-localizar-bancos-de-atun-Academia-Piloto-EEUU.jpg&#8221; alt=&#8221;pilota-elicottero-per-localizzare-banchi-di-tonno-US-Pilot-Academy&#8221; title_text=&#8221;pilota-elicottero-per-localizzare-banchi-di-tonno-US-Pilot-Academy&#8221; align=&#8221;center&#8221; _builder_version=&#8221;4.9.4&#8243; _module_preset=&#8221;default&#8221; custom_margin=&#8221;||0px|||&#8221; transform_styles__hover_enabled=&#8221;on|hover&#8221; transform_scale__hover_enabled=&#8221;on|hover&#8221; transform_translate__hover_enabled=&#8221;on|desktop&#8221; transform_rotate__hover_enabled=&#8221;on|desktop&#8221; transform_skew__hover_enabled=&#8221;on|desktop&#8221; transform_origin__hover_enabled=&#8221;on|desktop&#8221;][\/et_pb_image][et_pb_text _builder_version=&#8221;4.9.4&#8243; _module_preset=&#8221;default&#8221; text_font=&#8221;||||||||&#8221; header_3_font=&#8221;|700|||||||&#8221; header_3_text_align=&#8221;center&#8221; header_3_text_color=&#8221;#FFFFFF&#8221; header_3_font_size=&#8221;18px&#8221; background_color=&#8221;#0B0F59&#8243; custom_margin=&#8221;0px||||false|false&#8221; custom_padding=&#8221;3%||0%||false|false&#8221;]<\/p>\n<h3>LOCALIZZAZIONE BANCHI DI TONNI<\/h3>\n<p>[\/et_pb_text][et_pb_text _builder_version=&#8221;4.9.4&#8243; _module_preset=&#8221;default&#8221;]<\/p>\n<p>Localizzare i banchi di tonno e le <strong>manovre veloci e precise<\/strong> che si eseguono durante il lavoro <strong>metteranno<\/strong> alla prova la tua <strong>abilit\u00e0.<\/strong> Una <strong>grande avventura!<\/strong><\/p>\n<p>[\/et_pb_text][\/et_pb_column][et_pb_column type=&#8221;1_5&#8243; _builder_version=&#8221;4.9.4&#8243; _module_preset=&#8221;default&#8221;][et_pb_image src=&#8221;https:\/\/academiapilotoeeuu.com\/wp-content\/uploads\/2021\/06\/Piloto-de-helicopteros-para-traslados-VIP-Academia-Piloto-EEUU.jpg&#8221; alt=&#8221;Pilota-di-elicotteri-per-trasferimenti-VIP-Academy-Pilot-USA&#8221; title_text=&#8221;Pilota-di-elicotteri-per-trasferimenti-VIP-Academy-Pilot-USA&#8221; align=&#8221;center&#8221; _builder_version=&#8221;4.9.4&#8243; _module_preset=&#8221;default&#8221; custom_margin=&#8221;||0px|||&#8221; transform_styles__hover_enabled=&#8221;on|hover&#8221; transform_scale__hover_enabled=&#8221;on|hover&#8221; transform_translate__hover_enabled=&#8221;on|desktop&#8221; transform_rotate__hover_enabled=&#8221;on|desktop&#8221; transform_skew__hover_enabled=&#8221;on|desktop&#8221; transform_origin__hover_enabled=&#8221;on|desktop&#8221;][\/et_pb_image][et_pb_text _builder_version=&#8221;4.9.4&#8243; _module_preset=&#8221;default&#8221; text_font=&#8221;||||||||&#8221; header_3_font=&#8221;|700|||||||&#8221; header_3_text_align=&#8221;center&#8221; header_3_text_color=&#8221;#FFFFFF&#8221; header_3_font_size=&#8221;18px&#8221; background_color=&#8221;#0B0F59&#8243; custom_margin=&#8221;0px||||false|false&#8221; custom_padding=&#8221;3%||0%||false|false&#8221;]<\/p>\n<h3>TRASFERIMENTI IN YACHT<\/h3>\n<p>[\/et_pb_text][et_pb_text _builder_version=&#8221;4.9.4&#8243; _module_preset=&#8221;default&#8221;]<\/p>\n<p>Se ti piace la <strong>vita<\/strong> piena di <strong>glamour<\/strong> e <strong>visitare<\/strong> <strong>citt\u00e0<\/strong> da sogno, come <strong>Monaco<\/strong>, <strong>Marbella<\/strong> o <strong>Cannes<\/strong> a bordo di uno <strong>yacht di lusso<\/strong>, questa variante del <strong>volo<\/strong> in <strong>elicottero<\/strong> soddisfer\u00e0 pienamente i tuoi desideri.<\/p>\n<p>[\/et_pb_text][\/et_pb_column][et_pb_column type=&#8221;1_5&#8243; _builder_version=&#8221;4.9.4&#8243; _module_preset=&#8221;default&#8221;][et_pb_image src=&#8221;https:\/\/academiapilotoeeuu.com\/wp-content\/uploads\/2021\/06\/trabajar-como-piloto-de-helicoptero-en-el-traslado-de-VIPS-Academia-Piloto-EEUU.jpg&#8221; alt=&#8221;lavoro-come-pilota-di-elicottero-nel-trasferimento-di-VIPS-Pilot-Academy-USA&#8221; title_text=&#8221;lavoro-come-pilota-di-elicottero-nel-trasferimento-di-VIPS-Pilot-Academy-USA&#8221; align=&#8221;center&#8221; _builder_version=&#8221;4.9.4&#8243; _module_preset=&#8221;default&#8221; custom_margin=&#8221;||0px|||&#8221; transform_styles__hover_enabled=&#8221;on|hover&#8221; transform_scale__hover_enabled=&#8221;on|hover&#8221; transform_translate__hover_enabled=&#8221;on|desktop&#8221; transform_rotate__hover_enabled=&#8221;on|desktop&#8221; transform_skew__hover_enabled=&#8221;on|desktop&#8221; transform_origin__hover_enabled=&#8221;on|desktop&#8221;][\/et_pb_image][et_pb_text _builder_version=&#8221;4.9.4&#8243; _module_preset=&#8221;default&#8221; text_font=&#8221;||||||||&#8221; header_3_font=&#8221;|700|||||||&#8221; header_3_text_align=&#8221;center&#8221; header_3_text_color=&#8221;#FFFFFF&#8221; header_3_font_size=&#8221;18px&#8221; background_color=&#8221;#0B0F59&#8243; custom_margin=&#8221;0px||||false|false&#8221; custom_padding=&#8221;3%||0%||false|false&#8221;]<\/p>\n<h3>TRASFERIMENTI VIP<\/h3>\n<p>[\/et_pb_text][et_pb_text _builder_version=&#8221;4.9.4&#8243; _module_preset=&#8221;default&#8221;]<\/p>\n<p>Il <strong>trasferimento di dirigenti<\/strong> o persone con <strong>elevata capacit\u00e0 finanziaria<\/strong>, nelle loro <strong>ville<\/strong>, <strong>palazzi<\/strong> o <strong>edifici finanziari<\/strong>, \u00e8 un <strong>lavoro<\/strong> di <strong>volo<\/strong> <strong>squisito<\/strong> e di <strong>eccellenti <\/strong> <strong>relazioni<\/strong> <strong>pubbliche.<\/strong><\/p>\n<p>[\/et_pb_text][\/et_pb_column][et_pb_column type=&#8221;1_5&#8243; _builder_version=&#8221;4.9.4&#8243; _module_preset=&#8221;default&#8221;][et_pb_image src=&#8221;https:\/\/academiapilotoeeuu.com\/wp-content\/uploads\/2021\/05\/Mantenimiento-de-lineas-aereas-trabajo-de-piloto-de-helicopteros.jpg&#8221; alt=&#8221;Manutenzione reti elettriche. Accademia Pilota USA ACCADEMIA PILOTA USA&#8221; title_text=&#8221;Manutenzione reti elettriche. Accademia Pilota USA ACCADEMIA PILOTA USA&#8221; align=&#8221;center&#8221; _builder_version=&#8221;4.9.4&#8243; _module_preset=&#8221;default&#8221; custom_margin=&#8221;||0px|||&#8221; transform_styles__hover_enabled=&#8221;on|hover&#8221; transform_scale__hover_enabled=&#8221;on|hover&#8221; transform_translate__hover_enabled=&#8221;on|desktop&#8221; transform_rotate__hover_enabled=&#8221;on|desktop&#8221; transform_skew__hover_enabled=&#8221;on|desktop&#8221; transform_origin__hover_enabled=&#8221;on|desktop&#8221;][\/et_pb_image][et_pb_text _builder_version=&#8221;4.9.4&#8243; _module_preset=&#8221;default&#8221; text_font=&#8221;||||||||&#8221; header_3_font=&#8221;|700|||||||&#8221; header_3_text_align=&#8221;center&#8221; header_3_text_color=&#8221;#FFFFFF&#8221; header_3_font_size=&#8221;18px&#8221; background_color=&#8221;#0B0F59&#8243; custom_margin=&#8221;0px||||false|false&#8221; custom_padding=&#8221;3%||0%||false|false&#8221;]<\/p>\n<h3>RETI ELETTRICHE<\/h3>\n<p>[\/et_pb_text][et_pb_text _builder_version=&#8221;4.9.4&#8243; _module_preset=&#8221;default&#8221;]<\/p>\n<p>La <strong>manutenzione<\/strong> delle <strong>reti<\/strong> <strong>elettriche<\/strong>, sia il <strong>trasferimento<\/strong> del <strong>personale<\/strong> che la loro <strong>pulizia<\/strong>, metteranno alla prova la tua <strong>abilit\u00e0<\/strong> ai <strong>comandi<\/strong> <strong>dell&#8217;elicottero.<\/strong><\/p>\n<p>[\/et_pb_text][\/et_pb_column][et_pb_column type=&#8221;1_5&#8243; _builder_version=&#8221;4.9.4&#8243; _module_preset=&#8221;default&#8221;][et_pb_image src=&#8221;https:\/\/academiapilotoeeuu.com\/wp-content\/uploads\/2021\/06\/Tabajar-en-la-lucha-contra-incendios-como-piloto-de-helicoptero.jpg&#8221; alt=&#8221;Estinzione Incendi. Accademia Pilota USA&#8221; title_text=&#8221;Estinzione Incendi. Accademia Pilota USA&#8221; align=&#8221;center&#8221; _builder_version=&#8221;4.9.4&#8243; _module_preset=&#8221;default&#8221; custom_margin=&#8221;||0px|||&#8221; transform_styles__hover_enabled=&#8221;on|hover&#8221; transform_scale__hover_enabled=&#8221;on|hover&#8221; transform_translate__hover_enabled=&#8221;on|desktop&#8221; transform_rotate__hover_enabled=&#8221;on|desktop&#8221; transform_skew__hover_enabled=&#8221;on|desktop&#8221; transform_origin__hover_enabled=&#8221;on|desktop&#8221;][\/et_pb_image][et_pb_text _builder_version=&#8221;4.9.4&#8243; _module_preset=&#8221;default&#8221; text_font=&#8221;||||||||&#8221; header_3_font=&#8221;|700|||||||&#8221; header_3_text_align=&#8221;center&#8221; header_3_text_color=&#8221;#FFFFFF&#8221; header_3_font_size=&#8221;18px&#8221; background_color=&#8221;#0B0F59&#8243; custom_margin=&#8221;0px||||false|false&#8221; custom_padding=&#8221;3%||0%||false|false&#8221;]<\/p>\n<h3>ESTINZIONE INCENDI<\/h3>\n<p>[\/et_pb_text][et_pb_text _builder_version=&#8221;4.9.4&#8243; _module_preset=&#8221;default&#8221;]<\/p>\n<p>Essere in grado di <strong>collaborar<\/strong>e per <strong>spegnere<\/strong> un <strong>incendio<\/strong>, preservare la natura e <strong>salvare<\/strong> <strong>vite<\/strong> <strong>umane<\/strong> e propriet\u00e0, ti far\u00e0 sentire emotivamente <strong>felice.<\/strong><\/p>\n<p>[\/et_pb_text][\/et_pb_column][\/et_pb_row][\/et_pb_section]<\/p>\n","protected":false},"excerpt":{"rendered":"<p>SBOCCHI PROFESSIONALISALVATAGGIOAttualmente 13 elicotteri coprono la costa spagnola e la giurisdizione stabilita, per salvare o evacuare persone le cui vite sono in pericolo. \u00c8 un lavoro molto gratificante.PIATTAFORME PETROLIFERELe grandi aziende del settore petrolifero richiedono alle societ\u00e0 di elicotteri di trasferire il personale che lavora sulle piattaforme petrolifere. Un lavoro in cui viene svolto un [&hellip;]<\/p>\n","protected":false},"author":2,"featured_media":0,"parent":0,"menu_order":0,"comment_status":"closed","ping_status":"closed","template":"","meta":{"_et_pb_use_builder":"on","_et_pb_old_content":"","_et_gb_content_width":"","_joinchat":[],"footnotes":""},"class_list":["post-853","page","type-page","status-publish","hentry"],"_links":{"self":[{"href":"https:\/\/academiapilotoeeuu.com\/it\/wp-json\/wp\/v2\/pages\/853","targetHints":{"allow":["GET"]}}],"collection":[{"href":"https:\/\/academiapilotoeeuu.com\/it\/wp-json\/wp\/v2\/pages"}],"about":[{"href":"https:\/\/academiapilotoeeuu.com\/it\/wp-json\/wp\/v2\/types\/page"}],"author":[{"embeddable":true,"href":"https:\/\/academiapilotoeeuu.com\/it\/wp-json\/wp\/v2\/users\/2"}],"replies":[{"embeddable":true,"href":"https:\/\/academiapilotoeeuu.com\/it\/wp-json\/wp\/v2\/comments?post=853"}],"version-history":[{"count":12,"href":"https:\/\/academiapilotoeeuu.com\/it\/wp-json\/wp\/v2\/pages\/853\/revisions"}],"predecessor-version":[{"id":1081,"href":"https:\/\/academiapilotoeeuu.com\/it\/wp-json\/wp\/v2\/pages\/853\/revisions\/1081"}],"wp:attachment":[{"href":"https:\/\/academiapilotoeeuu.com\/it\/wp-json\/wp\/v2\/media?parent=853"}],"curies":[{"name":"wp","href":"https:\/\/api.w.org\/{rel}","templated":true}]}}