{"id":911,"date":"2021-07-06T17:59:00","date_gmt":"2021-07-06T15:59:00","guid":{"rendered":"https:\/\/academiapilotoeeuu.com\/avviso-legale\/"},"modified":"2021-07-06T17:59:01","modified_gmt":"2021-07-06T15:59:01","slug":"avviso-legale","status":"publish","type":"page","link":"https:\/\/academiapilotoeeuu.com\/it\/avviso-legale\/","title":{"rendered":"Avviso legale"},"content":{"rendered":"<p>[et_pb_section fb_built=&#8221;1&#8243; _builder_version=&#8221;4.9.4&#8243; _module_preset=&#8221;default&#8221; custom_padding=&#8221;3px||7px|||&#8221; background_color=&#8221;#0B0F59&#8243; hover_enabled=&#8221;0&#8243; sticky_enabled=&#8221;0&#8243;][et_pb_row _builder_version=&#8221;4.9.4&#8243; _module_preset=&#8221;default&#8221; hover_enabled=&#8221;0&#8243; sticky_enabled=&#8221;0&#8243; custom_padding=&#8221;||11px|||&#8221;][et_pb_column _builder_version=&#8221;4.9.4&#8243; _module_preset=&#8221;default&#8221; type=&#8221;4_4&#8243; hover_enabled=&#8221;0&#8243; sticky_enabled=&#8221;0&#8243;][et_pb_text _builder_version=&#8221;4.9.4&#8243; _module_preset=&#8221;default&#8221; hover_enabled=&#8221;0&#8243; sticky_enabled=&#8221;0&#8243; header_text_color=&#8221;#FFFFFF&#8221;]<\/p>\n<h1>AVVISO LEGALE<\/h1>\n<p>[\/et_pb_text][\/et_pb_column][\/et_pb_row][\/et_pb_section][et_pb_section fb_built=&#8221;1&#8243; _builder_version=&#8221;4.9.4&#8243; _module_preset=&#8221;default&#8221;][et_pb_row _builder_version=&#8221;4.9.4&#8243; _module_preset=&#8221;default&#8221;][et_pb_column _builder_version=&#8221;4.9.4&#8243; _module_preset=&#8221;default&#8221; type=&#8221;4_4&#8243;][et_pb_text _builder_version=&#8221;4.9.4&#8243; _module_preset=&#8221;default&#8221; hover_enabled=&#8221;0&#8243; sticky_enabled=&#8221;0&#8243;]<\/p>\n<div class=\"fusion-title title fusion-title-1 fusion-sep-none fusion-title-center fusion-title-text fusion-title-size-one fusion-border-below-title\">\n<h3>1. DATI IDENTIFICATIVI<\/h3>\n<p>In ottemperanza all&#8217;obbligo di informazione contenuto nell&#8217;articolo 10 della legge 34\/2002, dell&#8217;11 luglio, sui servizi della societ\u00e0 dell&#8217;informazione e del commercio elettronico, si riportano di seguito le seguenti informazioni: la societ\u00e0 proprietaria del dominio web \u00e8 Helicopter Multiservice Provider SL , di seguito HMP, con domicilio a tali fini in Calle Ramon y Cajal n 10, 28410 Manzanares el Real, Madrid, numero CIF: B01778307. Email di contatto: info@academiahelicopteros-usa.es del sito web. <\/p>\n<\/div>\n<div class=\"fusion-text\">\n<h3 data-fontsize=\"17\" data-lineheight=\"24.65px\" class=\"fusion-responsive-typography-calculated\"><span>2. UTENTI<\/span><\/h3>\n<p><span>L&#8217;accesso e\/o l&#8217;utilizzo di questo portale HMP attribuisce la condizione di UTENTE, il quale accetta, da detto accesso e\/o utilizzo, le Condizioni Generali d&#8217;Uso qui riportate. Le suddette Condizioni saranno applicabili indipendentemente dalle Condizioni Generali di Contratto che nel loro caso sono obbligatorie.<\/span><\/p>\n<h3 data-fontsize=\"17\" data-lineheight=\"24.65px\" class=\"fusion-responsive-typography-calculated\"><span>3. UTILIZZO DEL PORTALE<\/span><\/h3>\n<p><span>HMP fornisce l&#8217;accesso a una moltitudine di informazioni, servizi o dati (di seguito, &#8220;i contenuti&#8221;) su Internet appartenenti a HMP o ai suoi licenziatari a cui l&#8217;UTENTE pu\u00f2 avere accesso. L&#8217;UTENTE si assume la responsabilit\u00e0 dell&#8217;uso del portale. Questa responsabilit\u00e0 si estende alla registrazione necessaria per accedere a determinati servizi o contenuti.<\/span><\/p>\n<p><span>In tale registrazione, l&#8217;UTENTE sar\u00e0 tenuto a fornire informazioni veritiere e legittime. <\/span><span>L&#8217;UTENTE si impegna a fare un uso appropriato dei contenuti e dei servizi che HMP offre attraverso il proprio portale e con natura enunciativa ma non limitativa, a non utilizzarli per:<\/span><\/p>\n<p><span>(i) incorrere in attivit\u00e0 illecite, illegali o contrarie alla buona fede e all&#8217;ordine pubblico;<\/span><\/p>\n<p><span>(ii) diffondere contenuti o propaganda di natura razzista, xenofoba, pornografica-illegale, sostenendo il terrorismo o violando i diritti umani;<\/span><\/p>\n<p><span>(iii) causare danni ai sistemi fisici e logici del nome della societ\u00e0 che ha creato il sito Web, dei suoi fornitori o di terzi, introdurre o diffondere virus informatici o qualsiasi altro sistema fisico o logico che possa causare i danni di cui sopra;<\/span><\/p>\n<p><span>(iv) tentare di accedere e, se del caso, utilizzare gli account di posta elettronica di altri utenti e modificare o manipolare i loro messaggi. Il nome della societ\u00e0 che ha creato il sito web si riserva il diritto di ritirare tutti i commenti e contributi che violino il rispetto della dignit\u00e0 della persona, che siano discriminatori, xenofobi, razzisti, pornografici, che minaccino la giovinezza o l&#8217;infanzia, l&#8217;ordine o la sicurezza pubblica o che , a suo avviso, non sar\u00e0 adatto alla pubblicazione. In ogni caso, HMP non sar\u00e0 responsabile delle opinioni espresse dagli utenti attraverso forum, chat o altri strumenti di partecipazione.<\/span><\/p>\n<h3 data-fontsize=\"17\" data-lineheight=\"24.65px\" class=\"fusion-responsive-typography-calculated\"><span>4. PROTEZIONE DATI<\/span><\/h3>\n<p><span>HMP \u00e8 conforme alle linee guida della Legge Organica 15\/1999 del 13 dicembre sulla protezione dei dati personali, Regio Decreto 1720\/2007 del 21 dicembre, che approva il Regolamento per lo sviluppo della Legge Organica e altri regolamenti in vigore in ogni momento, e garantisce il corretto utilizzo e trattamento dei dati personali dell&#8217;utente. A tal fine, unitamente ad ogni modulo di raccolta dati personali, nei servizi che l&#8217;utente potr\u00e0 richiedere a HMP, informer\u00e0 l&#8217;utente dell&#8217;esistenza e dell&#8217;accettazione delle condizioni particolari del trattamento dei suoi dati in ogni caso, informandolo di la responsabilit\u00e0 del file creato, l&#8217;indirizzo del responsabile, la possibilit\u00e0 di esercitare i propri diritti di accesso, rettifica, cancellazione o opposizione, le finalit\u00e0 del trattamento e la comunicazione dei dati a terzi, se del caso.<\/span><\/p>\n<p><span>Allo stesso modo, HMP informa che \u00e8 conforme alla Legge 34\/2002 dell&#8217;11 luglio sui servizi della societ\u00e0 dell&#8217;informazione e del commercio elettronico e richieder\u00e0 il tuo consenso al trattamento della tua email per scopi commerciali in ogni momento.<\/span><\/p>\n<h3 data-fontsize=\"17\" data-lineheight=\"24.65px\" class=\"fusion-responsive-typography-calculated\"><span>5. PROPRIETA&#8217; INTELLETTUALE E INDUSTRIALE<\/span><\/h3>\n<p><span>HMP in proprio o in qualit\u00e0 di cessionaria, \u00e8 titolare di tutti i diritti di propriet\u00e0 intellettuale e industriale del proprio sito web, nonch\u00e9 degli elementi in esso contenuti (a titolo esemplificativo immagini, suoni, audio, video, software o testi; marchi o loghi, combinazioni di colori, struttura e design, selezione dei materiali utilizzati, programmi informatici necessari per il loro funzionamento, accesso e utilizzo, ecc.), di propriet\u00e0 di HMP o dei suoi licenziatari.<\/span><\/p>\n<p><span>Tutti i diritti riservati. In virt\u00f9 delle disposizioni degli articoli 8 e 32.1, secondo comma, del Codice della Propriet\u00e0 Intellettuale, la riproduzione, distribuzione e comunicazione pubblica, comprese le modalit\u00e0 di messa a disposizione, di tutto o parte dei contenuti di questo sito web, a fini commerciali , con qualsiasi mezzo e con qualsiasi mezzo tecnico, senza l&#8217;autorizzazione di HMP. L&#8217;UTENTE si impegna a rispettare i diritti di propriet\u00e0 intellettuale e industriale di propriet\u00e0 di HMP. Puoi visualizzare gli elementi del portale e anche stamparli, copiarli e archiviarli sul disco rigido del tuo computer o su qualsiasi altro supporto fisico purch\u00e9 solo ed esclusivamente per tuo uso personale e privato. L&#8217;UTENTE deve astenersi dall&#8217;eliminare, alterare, eludere o manipolare qualsiasi dispositivo di protezione o sistema di sicurezza installato sulle pagine HMP.<\/span><\/p>\n<p class=\"ezAdsense adsense adsense-midtext\"><span> <\/span><\/p>\n<h3 data-fontsize=\"17\" data-lineheight=\"24.65px\" class=\"fusion-responsive-typography-calculated\"><span>6. ESCLUSIONE DI GARANZIE E RESPONSABILITA&#8217;<\/span><\/h3>\n<p><span>HMP non \u00e8 in nessun caso responsabile per danni di qualsiasi natura che possano causare, a titolo esemplificativo: errori od omissioni nei contenuti, mancata disponibilit\u00e0 del portale o trasmissione di virus o programmi dannosi o dannosi nei contenuti, pur avendo adottato tutte le misure tecnologiche necessarie per evitarlo.<\/span><\/p>\n<h3 data-fontsize=\"17\" data-lineheight=\"24.65px\" class=\"fusion-responsive-typography-calculated\"><span>7. MODIFICHE<\/span><\/h3>\n<p><span>HMP si riserva il diritto di apportare al proprio portale le modifiche che riterr\u00e0 opportune senza preavviso, potendo modificare, eliminare o aggiungere sia i contenuti ei servizi forniti attraverso di esso sia il modo in cui sono presentati o localizzati nel proprio portale.<\/span><\/p>\n<h3 data-fontsize=\"17\" data-lineheight=\"24.65px\" class=\"fusion-responsive-typography-calculated\"><span>8. LINKS<\/span><\/h3>\n<p><span>Nel caso in cui HMP contenga collegamenti o collegamenti ipertestuali ad altri siti Internet, HMP non eserciter\u00e0 alcun tipo di controllo su tali siti e contenuti. In nessun caso<\/span><\/p>\n<p><span>HMP si assumer\u00e0 alcuna responsabilit\u00e0 per il contenuto di qualsiasi collegamento appartenente a un sito Web di terzi, n\u00e9 garantir\u00e0 disponibilit\u00e0 tecnica, qualit\u00e0, affidabilit\u00e0, accuratezza, ampiezza, veridicit\u00e0, validit\u00e0 e <\/span><span>costituzionalit\u00e0 di qualsiasi materiale o informazione contenuta in uno qualsiasi di detti collegamenti ipertestuali o altri siti Internet.<\/span><\/p>\n<p><span>Parimenti, l&#8217;inclusione di tali collegamenti esterni non comporter\u00e0 alcun tipo di associazione, fusione o partecipazione con i soggetti collegati.<\/span><\/p>\n<h3 data-fontsize=\"17\" data-lineheight=\"24.65px\" class=\"fusion-responsive-typography-calculated\"><span>9. DIRITTO DI ESCLUSIONE<\/span><\/h3>\n<p><span>HMP si riserva il diritto di negare o revocare l&#8217;accesso al portale e\/o ai servizi offerti senza preavviso, su richiesta propria o di terzi, a quegli utenti che non rispettano le presenti Condizioni Generali d&#8217;Uso.<\/span><\/p>\n<h3 data-fontsize=\"17\" data-lineheight=\"24.65px\" class=\"fusion-responsive-typography-calculated\"><span>10.GENERALIT\u00c0<\/span><\/h3>\n<p><span>HMP perseguir\u00e0 la violazione di queste condizioni nonch\u00e9 l&#8217;eventuale uso improprio del proprio portale esercitando tutte le azioni civili e penali che le possano corrispondere per legge.<\/span><\/p>\n<h3 data-fontsize=\"17\" data-lineheight=\"24.65px\" class=\"fusion-responsive-typography-calculated\"><span>11.MODIFICA DELLE PRESENTI CONDIZIONI E DURATA<\/span><\/h3>\n<p><span>HMP pu\u00f2 modificare le condizioni qui determinate in qualsiasi momento, essendo debitamente pubblicate cos\u00ec come appaiono qui.<\/span><\/p>\n<p><span>La validit\u00e0 delle suddette condizioni dipender\u00e0 dalla loro esposizione e sar\u00e0 valida fino alla debita pubblicazione. che vengono modificati da altri.<\/span><\/p>\n<h3 data-fontsize=\"17\" data-lineheight=\"24.65px\" class=\"fusion-responsive-typography-calculated\"><span>12. LEGGE APPLICABILE E GIURISDIZIONE<\/span><\/h3>\n<p><span>Il rapporto tra HMP e l&#8217;UTENTE sar\u00e0 regolato dalle normative spagnole vigenti e qualsiasi controversia sar\u00e0 sottoposta alle Corti e Tribunali della citt\u00e0 di Madrid, Spagna.<\/span><\/p>\n<\/div>\n<p>[\/et_pb_text][\/et_pb_column][\/et_pb_row][\/et_pb_section]<\/p>\n","protected":false},"excerpt":{"rendered":"<p>AVVISO LEGALE 1. DATI IDENTIFICATIVI In ottemperanza all&#8217;obbligo di informazione contenuto nell&#8217;articolo 10 della legge 34\/2002, dell&#8217;11 luglio, sui servizi della societ\u00e0 dell&#8217;informazione e del commercio elettronico, si riportano di seguito le seguenti informazioni: la societ\u00e0 proprietaria del dominio web \u00e8 Helicopter Multiservice Provider SL , di seguito HMP, con domicilio a tali fini in [&hellip;]<\/p>\n","protected":false},"author":2,"featured_media":0,"parent":0,"menu_order":0,"comment_status":"closed","ping_status":"closed","template":"","meta":{"_et_pb_use_builder":"on","_et_pb_old_content":"","_et_gb_content_width":"","_joinchat":[],"footnotes":""},"class_list":["post-911","page","type-page","status-publish","hentry"],"_links":{"self":[{"href":"https:\/\/academiapilotoeeuu.com\/it\/wp-json\/wp\/v2\/pages\/911","targetHints":{"allow":["GET"]}}],"collection":[{"href":"https:\/\/academiapilotoeeuu.com\/it\/wp-json\/wp\/v2\/pages"}],"about":[{"href":"https:\/\/academiapilotoeeuu.com\/it\/wp-json\/wp\/v2\/types\/page"}],"author":[{"embeddable":true,"href":"https:\/\/academiapilotoeeuu.com\/it\/wp-json\/wp\/v2\/users\/2"}],"replies":[{"embeddable":true,"href":"https:\/\/academiapilotoeeuu.com\/it\/wp-json\/wp\/v2\/comments?post=911"}],"version-history":[{"count":2,"href":"https:\/\/academiapilotoeeuu.com\/it\/wp-json\/wp\/v2\/pages\/911\/revisions"}],"predecessor-version":[{"id":913,"href":"https:\/\/academiapilotoeeuu.com\/it\/wp-json\/wp\/v2\/pages\/911\/revisions\/913"}],"wp:attachment":[{"href":"https:\/\/academiapilotoeeuu.com\/it\/wp-json\/wp\/v2\/media?parent=911"}],"curies":[{"name":"wp","href":"https:\/\/api.w.org\/{rel}","templated":true}]}}