{"id":914,"date":"2021-07-06T18:16:34","date_gmt":"2021-07-06T16:16:34","guid":{"rendered":"https:\/\/academiapilotoeeuu.com\/politica-sulla-privacy\/"},"modified":"2021-07-06T18:16:42","modified_gmt":"2021-07-06T16:16:42","slug":"politica-sulla-privacy","status":"publish","type":"page","link":"https:\/\/academiapilotoeeuu.com\/it\/politica-sulla-privacy\/","title":{"rendered":"Politica sulla Privacy"},"content":{"rendered":"<p>[et_pb_section fb_built=&#8221;1&#8243; _builder_version=&#8221;4.9.4&#8243; _module_preset=&#8221;default&#8221; background_color=&#8221;#0B0F59&#8243; custom_padding=&#8221;3px||7px|||&#8221;][et_pb_row _builder_version=&#8221;4.9.4&#8243; _module_preset=&#8221;default&#8221; custom_padding=&#8221;||11px|||&#8221; hover_enabled=&#8221;0&#8243; sticky_enabled=&#8221;0&#8243;][et_pb_column type=&#8221;4_4&#8243; _builder_version=&#8221;4.9.4&#8243; _module_preset=&#8221;default&#8221;][et_pb_text _builder_version=&#8221;4.9.4&#8243; _module_preset=&#8221;default&#8221; header_text_color=&#8221;#FFFFFF&#8221; hover_enabled=&#8221;0&#8243; sticky_enabled=&#8221;0&#8243;]<\/p>\n<h1>POLITICA SULLA RISERVATEZZA<\/h1>\n<p>[\/et_pb_text][\/et_pb_column][\/et_pb_row][\/et_pb_section][et_pb_section fb_built=&#8221;1&#8243; _builder_version=&#8221;4.9.4&#8243; _module_preset=&#8221;default&#8221;][et_pb_row _builder_version=&#8221;4.9.4&#8243; _module_preset=&#8221;default&#8221;][et_pb_column type=&#8221;4_4&#8243; _builder_version=&#8221;4.9.4&#8243; _module_preset=&#8221;default&#8221;][et_pb_text _builder_version=&#8221;4.9.4&#8243; _module_preset=&#8221;default&#8221; hover_enabled=&#8221;0&#8243; sticky_enabled=&#8221;0&#8243;]<\/p>\n<h3 data-fontsize=\"17\" data-lineheight=\"24.65px\" class=\"fusion-responsive-typography-calculated\"><span>1. POLITICA SULLA RISERVATEZZA<\/span><\/h3>\n<p>Attivit\u00e0 commerciale<span> <\/span><span>HMP<\/span><span> <\/span>informa gli utenti del sito circa la propria politica in materia di trattamento e protezione dei dati personali degli utenti e dei clienti che possono essere raccolti navigando o contraendo servizi tramite il proprio sito. In questo senso, Societ\u00e0 <span> <\/span><span>HMP<\/span><span> <\/span>garantisce il rispetto della normativa vigente in materia di protezione dei dati personali, riflessa nella Legge Organica 15\/1999 del 13 dicembre, Protezione dei dati personali e nel Regio Decreto 1720\/2007, del 21 dicembre, con l&#8217;approvazione del Regolamento di sviluppo della LOPD . L&#8217;utilizzo di questo sito Web implica l&#8217;accettazione della presente informativa sulla privacy. <\/p>\n<h3 data-fontsize=\"17\" data-lineheight=\"24.65px\" class=\"fusion-responsive-typography-calculated\"><span>2.RACCOLTA DEI DATI, FINALIT\u00c0 E TRATTAMENTO<\/span><\/h3>\n<p>Attivit\u00e0 commerciale<span> <\/span><span>HMP<\/span> ha il dovere di informare gli utenti del proprio sito web in merito alla raccolta di dati personali che pu\u00f2 essere effettuata, sia tramite l&#8217;invio di posta elettronica, sia mediante la compilazione dei moduli presenti nel sito. In questo senso,<span> <\/span><span>HMP<\/span><span> <\/span>sar\u00e0 ritenuto responsabile dei dati raccolti attraverso le modalit\u00e0 sopra descritte. Allo stesso tempo<span> <\/span><span>HMP<\/span><span> <\/span>informa gli utenti che la finalit\u00e0 del trattamento dei dati raccolti comprende: L&#8217;attenzione alle richieste formulate dagli utenti, l&#8217;inserimento nell&#8217;elenco contatti, l&#8217;erogazione dei servizi e la gestione del rapporto commerciale. Sono considerate trattamento di dati personali le operazioni, le procedure e le procedure tecniche eseguite in modo automatizzato o non automatizzato e che consentono la raccolta, la conservazione, la modifica, il trasferimento e altre azioni sui dati personali. Tutti i dati personali, che vengono raccolti attraverso il sito web di<span> <\/span><span>HMP<\/span>, e quindi ha la considerazione del trattamento dei dati personali, saranno incorporati nei file dichiarati davanti all&#8217;Agenzia spagnola per la protezione dei dati da<span> <\/span><span>HMP<\/span>.<\/p>\n<h3 data-fontsize=\"17\" data-lineheight=\"24.65px\" class=\"fusion-responsive-typography-calculated\"><span>3. COMUNICAZIONE DELLE INFORMAZIONI A TERZI<\/span><\/h3>\n<p>Attivit\u00e0 commerciale<span> <\/span><span>HMP<\/span><span> <\/span>informa gli utenti che i loro dati personali non saranno ceduti a soggetti terzi, salvo che tale trasferimento di dati sia coperto da un obbligo di legge o quando la fornitura di un servizio implichi la necessit\u00e0 di un rapporto contrattuale con un responsabile del trattamento. In quest&#8217;ultimo caso, il trasferimento dei dati alla terza parte sar\u00e0 effettuato solo quando<span> <\/span><span>HMP<\/span><span> <\/span>ha il consenso espresso dell&#8217;utente.<\/p>\n<h3 data-fontsize=\"17\" data-lineheight=\"24.65px\" class=\"fusion-responsive-typography-calculated\"><span>4. DIRITTI DEGLI UTENTI<\/span><\/h3>\n<p>La legge organica 15\/1999, del 13 dicembre, sulla protezione dei dati personali conferisce agli interessati la possibilit\u00e0 di esercitare una serie di diritti relativi al trattamento dei propri dati personali. A condizione che i dati dell&#8217;utente siano trattati dalla Societ\u00e0 A. Gli utenti possono esercitare i propri diritti di accesso, rettifica, cancellazione e opposizione in conformit\u00e0 a quanto previsto dalla normativa vigente in materia di protezione dei dati personali. Per avvalersi dell&#8217;esercizio di tali diritti, l&#8217;utente dovr\u00e0 recarsi mediante comunicazione scritta, fornendo documentazione che attesti la propria identit\u00e0 (carta d&#8217;identit\u00e0 o passaporto), al seguente indirizzo:  <span> Helicopter Multiservice Provider SL, di seguito HMP, con indirizzo per questi scopi in Calle Ramon y Cajal n 10, 28410 Manzanares el Real, Madrid, numero C.I.F.: B01778307. Email di contatto: info@academiahelicopteros-usa.es del sito web <\/span>.<br \/>\nDicha comunicaci\u00f3n deber\u00e1 reflejar la siguiente informaci\u00f3n: Nombre y apellidos del usuario, la petici\u00f3n de solicitud, el domicilio y los datos acreditativos.<br \/>\nEl ejercicio de derechos deber\u00e1 ser realizado por el propio usuario.<br \/>\nNo obstante, podr\u00e1n ser ejecutados por una persona autorizada como representante legal del autorizado.<br \/>\nEn tal caso, se deber\u00e1 aportar la documentaci\u00f3n que acredite esta representaci\u00f3n del interesado.    <\/p>\n<p>[\/et_pb_text][\/et_pb_column][\/et_pb_row][\/et_pb_section]<\/p>\n","protected":false},"excerpt":{"rendered":"<p>POLITICA SULLA RISERVATEZZA1. POLITICA SULLA RISERVATEZZA Attivit\u00e0 commerciale HMP informa gli utenti del sito circa la propria politica in materia di trattamento e protezione dei dati personali degli utenti e dei clienti che possono essere raccolti navigando o contraendo servizi tramite il proprio sito. In questo senso, Societ\u00e0 HMP garantisce il rispetto della normativa vigente [&hellip;]<\/p>\n","protected":false},"author":1,"featured_media":0,"parent":0,"menu_order":0,"comment_status":"closed","ping_status":"closed","template":"","meta":{"_et_pb_use_builder":"on","_et_pb_old_content":"","_et_gb_content_width":"","_joinchat":[],"footnotes":""},"class_list":["post-914","page","type-page","status-publish","hentry"],"_links":{"self":[{"href":"https:\/\/academiapilotoeeuu.com\/it\/wp-json\/wp\/v2\/pages\/914","targetHints":{"allow":["GET"]}}],"collection":[{"href":"https:\/\/academiapilotoeeuu.com\/it\/wp-json\/wp\/v2\/pages"}],"about":[{"href":"https:\/\/academiapilotoeeuu.com\/it\/wp-json\/wp\/v2\/types\/page"}],"author":[{"embeddable":true,"href":"https:\/\/academiapilotoeeuu.com\/it\/wp-json\/wp\/v2\/users\/1"}],"replies":[{"embeddable":true,"href":"https:\/\/academiapilotoeeuu.com\/it\/wp-json\/wp\/v2\/comments?post=914"}],"version-history":[{"count":5,"href":"https:\/\/academiapilotoeeuu.com\/it\/wp-json\/wp\/v2\/pages\/914\/revisions"}],"predecessor-version":[{"id":919,"href":"https:\/\/academiapilotoeeuu.com\/it\/wp-json\/wp\/v2\/pages\/914\/revisions\/919"}],"wp:attachment":[{"href":"https:\/\/academiapilotoeeuu.com\/it\/wp-json\/wp\/v2\/media?parent=914"}],"curies":[{"name":"wp","href":"https:\/\/api.w.org\/{rel}","templated":true}]}}